{"id":52528,"date":"2019-05-23T12:10:43","date_gmt":"2019-05-23T15:10:43","guid":{"rendered":"https:\/\/bmj.com.br\/?page_id=52528"},"modified":"2026-02-19T10:43:35","modified_gmt":"2026-02-19T13:43:35","slug":"canal-de-etica","status":"publish","type":"page","link":"https:\/\/bmj.com.br\/en\/canal-de-etica\/","title":{"rendered":"Canal de \u00c9tica"},"content":{"rendered":"<div id=\"fws_69de22c4ac734\"  data-column-margin=\"90px\" data-midnight=\"dark\" data-top-percent=\"12%\"  class=\"wpb_row vc_row-fluid vc_row  top_padding_tablet_140px top_padding_phone_140px\"  style=\"padding-top: calc(100vw * 0.12); padding-bottom: 0px; \"><div class=\"row-bg-wrap\" data-bg-animation=\"none\" data-bg-animation-delay=\"\" data-bg-overlay=\"false\"><div class=\"inner-wrap row-bg-layer\" ><div class=\"row-bg viewport-desktop\"  style=\"\"><\/div><\/div><\/div><div class=\"row_col_wrap_12 col span_12 dark left\">\n\t<div  class=\"vc_col-sm-4 wpb_column column_container vc_column_container col no-extra-padding inherit_tablet inherit_phone\"  data-padding-pos=\"all\" data-has-bg-color=\"false\" data-bg-color=\"\" data-bg-opacity=\"1\" data-animation=\"\" data-delay=\"0\" >\n\t\t<div class=\"vc_column-inner\" >\n\t\t\t<div class=\"wpb_wrapper\">\n\t\t\t\t<div class=\"img-with-aniamtion-wrap\" data-max-width=\"100%\" data-max-width-mobile=\"default\" data-shadow=\"none\" data-animation=\"ro-reveal-from-left\" >\n      <div class=\"inner\">\n        <div class=\"hover-wrap\"> \n          <div class=\"hover-wrap-inner\">\n            <img fetchpriority=\"high\" decoding=\"async\" class=\"img-with-animation skip-lazy image-ethics\" data-delay=\"0\" height=\"700\" width=\"386\" data-animation=\"ro-reveal-from-left\" src=\"https:\/\/bmj.com.br\/wp-content\/uploads\/2020\/09\/shaking-hands.jpg\" alt=\"\" srcset=\"https:\/\/bmj.com.br\/wp-content\/uploads\/2020\/09\/shaking-hands.jpg 386w, https:\/\/bmj.com.br\/wp-content\/uploads\/2020\/09\/shaking-hands-94x170.jpg 94w\" sizes=\"(max-width: 386px) 100vw, 386px\" \/>\n          <\/div>\n        <\/div>\n      <\/div>\n    <\/div>\n\t\t\t<\/div> \n\t\t<\/div>\n\t<\/div> \n\n\t<div style=\"margin-top: 12%; \" class=\"vc_col-sm-8 wpb_column column_container vc_column_container col no-extra-padding left_margin_0px top_margin_tablet_0px top_margin_phone_0px inherit_tablet inherit_phone\"  data-padding-pos=\"all\" data-has-bg-color=\"false\" data-bg-color=\"\" data-bg-opacity=\"1\" data-animation=\"\" data-delay=\"0\" >\n\t\t<div class=\"vc_column-inner\" >\n\t\t\t<div class=\"wpb_wrapper\">\n\t\t\t\t<div class=\"nectar-split-heading\" data-align=\"default\" data-m-align=\"inherit\" data-text-effect=\"default\" data-animation-type=\"default\" data-animation-delay=\"0\" data-animation-offset=\"\" data-m-rm-animation=\"\" data-stagger=\"\" data-custom-font-size=\"false\" ><div class=\"heading-line\" > <div><h1>Canal de \u00c9tica<\/h1> <\/div> <\/div><\/div>\n<div class=\"wpb_text_column wpb_content_element  vc_custom_1771508612541\" style=\" max-width: 600px; display: inline-block;\">\n\t<div class=\"wpb_wrapper\">\n\t\t<h4 class=\"p1\"><span class=\"s1\">Para fazer um relato, utilize o bot\u00e3o abaixo:<\/span><\/h4>\n\t<\/div>\n<\/div>\n\n\n\n<a class=\"nectar-button jumbo regular extra-color-1  regular-button send-a-reply\"  style=\"margin-top: 32px; margin-bottom: 72px; color: #ffffff; background-color: #1b222f;\" target=\"_blank\" href=\"https:\/\/bmjconsultoresassociados.becompliance.com\/canal-etica\/canal-denuncias\" data-color-override=\"#1b222f\" data-hover-color-override=\"false\" data-hover-text-color-override=\"#fff\"><span>Fazer um relato<\/span><\/a><div class=\"nectar-scrolling-text font_size_40px\" data-style=\"text_outline\" data-s-dir=\"rtl\" data-spacing=\"false\" data-outline-thickness=\"thin\" data-s-speed=\"slow\" data-overflow=\"visible\" ><div class=\"nectar-scrolling-text-inner\" style=\"color: #cccccc;\">\n<h1>Transpar\u00eancia\u00a0 \u2022\u00a0 Compliance\u00a0 \u2022\u00a0 Pol\u00edtica Anticorrup\u00e7\u00e3o\u00a0 \u2022<span>&nbsp;<\/span><\/h1>\n\n<h1>Transpar\u00eancia\u00a0 \u2022\u00a0 Compliance\u00a0 \u2022\u00a0 Pol\u00edtica Anticorrup\u00e7\u00e3o\u00a0 \u2022<span>&nbsp;<\/span><\/h1>\n\n<h1>Transpar\u00eancia\u00a0 \u2022\u00a0 Compliance\u00a0 \u2022\u00a0 Pol\u00edtica Anticorrup\u00e7\u00e3o\u00a0 \u2022<span>&nbsp;<\/span><\/h1>\n\n<h1>Transpar\u00eancia\u00a0 \u2022\u00a0 Compliance\u00a0 \u2022\u00a0 Pol\u00edtica Anticorrup\u00e7\u00e3o\u00a0 \u2022<span>&nbsp;<\/span><\/h1>\n<\/div><\/div>\n\t\t\t<\/div> \n\t\t<\/div>\n\t<\/div> \n<\/div><\/div>\n\t\t<div id=\"fws_69de22c4ad07f\"  data-column-margin=\"60px\" data-midnight=\"dark\" data-top-percent=\"8%\" data-bottom-percent=\"12%\"  class=\"wpb_row vc_row-fluid vc_row full-width-section  right_padding_0px\"  style=\"padding-top: calc(100vw * 0.08); padding-bottom: calc(100vw * 0.12); \"><div class=\"row-bg-wrap\" data-bg-animation=\"none\" data-bg-animation-delay=\"\" data-bg-overlay=\"true\"><div class=\"inner-wrap row-bg-layer\" ><div class=\"row-bg viewport-desktop using-bg-color\"  style=\"background-color: #f1f2f5; \"><\/div><\/div><div class=\"row-bg-overlay row-bg-layer\" style=\"background-color:#f1f2f5;  opacity: 0.3; \"><\/div><\/div><div class=\"row_col_wrap_12 col span_12 dark left\">\n\t<div  class=\"vc_col-sm-6 wpb_column column_container vc_column_container col no-extra-padding inherit_tablet inherit_phone\"  data-padding-pos=\"all\" data-has-bg-color=\"false\" data-bg-color=\"\" data-bg-opacity=\"1\" data-animation=\"\" data-delay=\"0\" >\n\t\t<div class=\"vc_column-inner\" >\n\t\t\t<div class=\"wpb_wrapper\">\n\t\t\t\t\n<div class=\"wpb_text_column wpb_content_element\" >\n\t<div class=\"wpb_wrapper\">\n\t\t<p class=\"p1\"><span class=\"s1\">A BMJ preza pela transpar\u00eancia em seu relacionamento com entes privados e p\u00fablicos e busca estar sempre \u00e0 frente para dar seguridade aos seus consultores e clientes com as melhores pr\u00e1ticas de compliance.<\/span><\/p>\n<p class=\"p1\"><span class=\"s1\">Para isso, institu\u00edmos o Canal de \u00c9tica BMJ. Nele, voc\u00ea poder\u00e1 reportar de forma an\u00f4nima quaisquer poss\u00edveis atos praticados por consultores da BMJ que violem nosso C\u00f3digo de \u00c9tica e de Compliance ou a legisla\u00e7\u00e3o da Pol\u00edtica Anticorrup\u00e7\u00e3o.<\/span><\/p>\n\t<\/div>\n<\/div>\n\n\n\n\n\t\t\t<\/div> \n\t\t<\/div>\n\t<\/div> \n\n\t<div  class=\"vc_col-sm-6 wpb_column column_container vc_column_container col no-extra-padding inherit_tablet inherit_phone\"  data-padding-pos=\"all\" data-has-bg-color=\"false\" data-bg-color=\"\" data-bg-opacity=\"1\" data-animation=\"\" data-delay=\"0\" >\n\t\t<div class=\"vc_column-inner\" >\n\t\t\t<div class=\"wpb_wrapper\">\n\t\t\t\t\n<div class=\"wpb_text_column wpb_content_element\" >\n\t<div class=\"wpb_wrapper\">\n\t\t<p class=\"p1\"><span class=\"s1\">As den\u00fancias podem ser feitas tanto por colaboradores da BMJ quanto por terceiros que queiram esclarecer d\u00favidas, preocupa\u00e7\u00f5es ou realizar queixas a respeito de poss\u00edveis transgress\u00f5es. O Comit\u00ea de \u00c9tica da BMJ far\u00e1 a apura\u00e7\u00e3o das quest\u00f5es enviadas e o denunciante poder\u00e1 acompanhar de forma an\u00f4nima a evolu\u00e7\u00e3o do seu caso. Vale destacar que todas as informa\u00e7\u00f5es ser\u00e3o auditadas pela Legal \u00c9tica, empresa de consultoria especializada em \u00e9tica e compliance.<\/span><\/p>\n\t<\/div>\n<\/div>\n\n\n\n\n\t\t\t<\/div> \n\t\t<\/div>\n\t<\/div> \n<\/div><\/div>","protected":false},"excerpt":{"rendered":"Canal de \u00c9tica Para fazer um relato, utilize o bot\u00e3o abaixo: Fazer um relato Transpar\u00eancia\u00a0 \u2022\u00a0 Compliance\u00a0 \u2022\u00a0 Pol\u00edtica Anticorrup\u00e7\u00e3o\u00a0 \u2022&nbsp; Transpar\u00eancia\u00a0 \u2022\u00a0 Compliance\u00a0 \u2022\u00a0 Pol\u00edtica Anticorrup\u00e7\u00e3o\u00a0 \u2022&nbsp; Transpar\u00eancia\u00a0 \u2022\u00a0...","protected":false},"author":15,"featured_media":50921,"parent":0,"menu_order":0,"comment_status":"closed","ping_status":"closed","template":"","meta":{"_acf_changed":false,"_exactmetrics_skip_tracking":false,"_exactmetrics_sitenote_active":false,"_exactmetrics_sitenote_note":"","_exactmetrics_sitenote_category":0,"footnotes":""},"class_list":["post-52528","page","type-page","status-publish","has-post-thumbnail"],"acf":[],"yoast_head":"<!-- This site is optimized with the Yoast SEO plugin v27.1.1 - https:\/\/yoast.com\/product\/yoast-seo-wordpress\/ -->\n<title>Canal de \u00c9tica - BMJ<\/title>\n<meta name=\"robots\" content=\"index, follow, max-snippet:-1, max-image-preview:large, max-video-preview:-1\" \/>\n<link rel=\"canonical\" href=\"https:\/\/bmj.com.br\/en\/canal-de-etica\/\" \/>\n<meta property=\"og:locale\" content=\"en_US\" \/>\n<meta property=\"og:type\" content=\"article\" \/>\n<meta property=\"og:title\" content=\"Canal de \u00c9tica - BMJ\" \/>\n<meta property=\"og:url\" content=\"https:\/\/bmj.com.br\/en\/canal-de-etica\/\" \/>\n<meta property=\"og:site_name\" content=\"BMJ\" \/>\n<meta property=\"article:publisher\" content=\"https:\/\/www.facebook.com\/BMJAssociados\/?ref=ts\" \/>\n<meta property=\"article:modified_time\" content=\"2026-02-19T13:43:35+00:00\" \/>\n<meta property=\"og:image\" content=\"https:\/\/bmj.com.br\/wp-content\/uploads\/2017\/08\/Logo-BMJ-branca-fundopreto2.png\" \/>\n\t<meta property=\"og:image:width\" content=\"620\" \/>\n\t<meta property=\"og:image:height\" content=\"571\" \/>\n\t<meta property=\"og:image:type\" content=\"image\/png\" \/>\n<meta name=\"twitter:card\" content=\"summary_large_image\" \/>\n<meta name=\"twitter:site\" content=\"@BMJconsultoria\" \/>\n<meta name=\"twitter:label1\" content=\"Est. reading time\" \/>\n\t<meta name=\"twitter:data1\" content=\"3 minutes\" \/>\n<script type=\"application\/ld+json\" class=\"yoast-schema-graph\">{\"@context\":\"https:\/\/schema.org\",\"@graph\":[{\"@type\":\"WebPage\",\"@id\":\"https:\/\/bmj.com.br\/canal-de-etica\/\",\"url\":\"https:\/\/bmj.com.br\/canal-de-etica\/\",\"name\":\"Canal de \u00c9tica - BMJ\",\"isPartOf\":{\"@id\":\"https:\/\/bmj.com.br\/#website\"},\"primaryImageOfPage\":{\"@id\":\"https:\/\/bmj.com.br\/canal-de-etica\/#primaryimage\"},\"image\":{\"@id\":\"https:\/\/bmj.com.br\/canal-de-etica\/#primaryimage\"},\"thumbnailUrl\":\"https:\/\/bmj.com.br\/wp-content\/uploads\/2017\/08\/Logo-BMJ-branca-fundopreto2.png\",\"datePublished\":\"2019-05-23T15:10:43+00:00\",\"dateModified\":\"2026-02-19T13:43:35+00:00\",\"breadcrumb\":{\"@id\":\"https:\/\/bmj.com.br\/canal-de-etica\/#breadcrumb\"},\"inLanguage\":\"en-US\",\"potentialAction\":[{\"@type\":\"ReadAction\",\"target\":[\"https:\/\/bmj.com.br\/canal-de-etica\/\"]}]},{\"@type\":\"ImageObject\",\"inLanguage\":\"en-US\",\"@id\":\"https:\/\/bmj.com.br\/canal-de-etica\/#primaryimage\",\"url\":\"https:\/\/bmj.com.br\/wp-content\/uploads\/2017\/08\/Logo-BMJ-branca-fundopreto2.png\",\"contentUrl\":\"https:\/\/bmj.com.br\/wp-content\/uploads\/2017\/08\/Logo-BMJ-branca-fundopreto2.png\",\"width\":620,\"height\":571,\"caption\":\"Logo-BMJ-branca-fundopreto2\"},{\"@type\":\"BreadcrumbList\",\"@id\":\"https:\/\/bmj.com.br\/canal-de-etica\/#breadcrumb\",\"itemListElement\":[{\"@type\":\"ListItem\",\"position\":1,\"name\":\"Home\",\"item\":\"https:\/\/bmj.com.br\/\"},{\"@type\":\"ListItem\",\"position\":2,\"name\":\"Canal de \u00c9tica\"}]},{\"@type\":\"WebSite\",\"@id\":\"https:\/\/bmj.com.br\/#website\",\"url\":\"https:\/\/bmj.com.br\/\",\"name\":\"BMJ\",\"description\":\"Consultores Associados\",\"publisher\":{\"@id\":\"https:\/\/bmj.com.br\/#organization\"},\"potentialAction\":[{\"@type\":\"SearchAction\",\"target\":{\"@type\":\"EntryPoint\",\"urlTemplate\":\"https:\/\/bmj.com.br\/?s={search_term_string}\"},\"query-input\":{\"@type\":\"PropertyValueSpecification\",\"valueRequired\":true,\"valueName\":\"search_term_string\"}}],\"inLanguage\":\"en-US\"},{\"@type\":\"Organization\",\"@id\":\"https:\/\/bmj.com.br\/#organization\",\"name\":\"BMJ Consultoria\",\"url\":\"https:\/\/bmj.com.br\/\",\"logo\":{\"@type\":\"ImageObject\",\"inLanguage\":\"en-US\",\"@id\":\"https:\/\/bmj.com.br\/#\/schema\/logo\/image\/\",\"url\":\"\",\"contentUrl\":\"\",\"caption\":\"BMJ Consultoria\"},\"image\":{\"@id\":\"https:\/\/bmj.com.br\/#\/schema\/logo\/image\/\"},\"sameAs\":[\"https:\/\/www.facebook.com\/BMJAssociados\/?ref=ts\",\"https:\/\/x.com\/BMJconsultoria\",\"https:\/\/www.instagram.com\/bmjconsultoria\/\",\"https:\/\/www.linkedin.com\/company\/bmjconsultoresassociados\/?originalSubdomain=br\",\"https:\/\/www.youtube.com\/user\/bmjconsultoria\"]}]}<\/script>\n<!-- \/ Yoast SEO plugin. -->","yoast_head_json":{"title":"Canal de \u00c9tica - BMJ","robots":{"index":"index","follow":"follow","max-snippet":"max-snippet:-1","max-image-preview":"max-image-preview:large","max-video-preview":"max-video-preview:-1"},"canonical":"https:\/\/bmj.com.br\/en\/canal-de-etica\/","og_locale":"en_US","og_type":"article","og_title":"Canal de \u00c9tica - BMJ","og_url":"https:\/\/bmj.com.br\/en\/canal-de-etica\/","og_site_name":"BMJ","article_publisher":"https:\/\/www.facebook.com\/BMJAssociados\/?ref=ts","article_modified_time":"2026-02-19T13:43:35+00:00","og_image":[{"width":620,"height":571,"url":"https:\/\/bmj.com.br\/wp-content\/uploads\/2017\/08\/Logo-BMJ-branca-fundopreto2.png","type":"image\/png"}],"twitter_card":"summary_large_image","twitter_site":"@BMJconsultoria","twitter_misc":{"Est. reading time":"3 minutes"},"schema":{"@context":"https:\/\/schema.org","@graph":[{"@type":"WebPage","@id":"https:\/\/bmj.com.br\/canal-de-etica\/","url":"https:\/\/bmj.com.br\/canal-de-etica\/","name":"Canal de \u00c9tica - BMJ","isPartOf":{"@id":"https:\/\/bmj.com.br\/#website"},"primaryImageOfPage":{"@id":"https:\/\/bmj.com.br\/canal-de-etica\/#primaryimage"},"image":{"@id":"https:\/\/bmj.com.br\/canal-de-etica\/#primaryimage"},"thumbnailUrl":"https:\/\/bmj.com.br\/wp-content\/uploads\/2017\/08\/Logo-BMJ-branca-fundopreto2.png","datePublished":"2019-05-23T15:10:43+00:00","dateModified":"2026-02-19T13:43:35+00:00","breadcrumb":{"@id":"https:\/\/bmj.com.br\/canal-de-etica\/#breadcrumb"},"inLanguage":"en-US","potentialAction":[{"@type":"ReadAction","target":["https:\/\/bmj.com.br\/canal-de-etica\/"]}]},{"@type":"ImageObject","inLanguage":"en-US","@id":"https:\/\/bmj.com.br\/canal-de-etica\/#primaryimage","url":"https:\/\/bmj.com.br\/wp-content\/uploads\/2017\/08\/Logo-BMJ-branca-fundopreto2.png","contentUrl":"https:\/\/bmj.com.br\/wp-content\/uploads\/2017\/08\/Logo-BMJ-branca-fundopreto2.png","width":620,"height":571,"caption":"Logo-BMJ-branca-fundopreto2"},{"@type":"BreadcrumbList","@id":"https:\/\/bmj.com.br\/canal-de-etica\/#breadcrumb","itemListElement":[{"@type":"ListItem","position":1,"name":"Home","item":"https:\/\/bmj.com.br\/"},{"@type":"ListItem","position":2,"name":"Canal de \u00c9tica"}]},{"@type":"WebSite","@id":"https:\/\/bmj.com.br\/#website","url":"https:\/\/bmj.com.br\/","name":"BMJ","description":"Consultores Associados","publisher":{"@id":"https:\/\/bmj.com.br\/#organization"},"potentialAction":[{"@type":"SearchAction","target":{"@type":"EntryPoint","urlTemplate":"https:\/\/bmj.com.br\/?s={search_term_string}"},"query-input":{"@type":"PropertyValueSpecification","valueRequired":true,"valueName":"search_term_string"}}],"inLanguage":"en-US"},{"@type":"Organization","@id":"https:\/\/bmj.com.br\/#organization","name":"BMJ Consultoria","url":"https:\/\/bmj.com.br\/","logo":{"@type":"ImageObject","inLanguage":"en-US","@id":"https:\/\/bmj.com.br\/#\/schema\/logo\/image\/","url":"","contentUrl":"","caption":"BMJ Consultoria"},"image":{"@id":"https:\/\/bmj.com.br\/#\/schema\/logo\/image\/"},"sameAs":["https:\/\/www.facebook.com\/BMJAssociados\/?ref=ts","https:\/\/x.com\/BMJconsultoria","https:\/\/www.instagram.com\/bmjconsultoria\/","https:\/\/www.linkedin.com\/company\/bmjconsultoresassociados\/?originalSubdomain=br","https:\/\/www.youtube.com\/user\/bmjconsultoria"]}]}},"_links":{"self":[{"href":"https:\/\/bmj.com.br\/en\/wp-json\/wp\/v2\/pages\/52528","targetHints":{"allow":["GET"]}}],"collection":[{"href":"https:\/\/bmj.com.br\/en\/wp-json\/wp\/v2\/pages"}],"about":[{"href":"https:\/\/bmj.com.br\/en\/wp-json\/wp\/v2\/types\/page"}],"author":[{"embeddable":true,"href":"https:\/\/bmj.com.br\/en\/wp-json\/wp\/v2\/users\/15"}],"replies":[{"embeddable":true,"href":"https:\/\/bmj.com.br\/en\/wp-json\/wp\/v2\/comments?post=52528"}],"version-history":[{"count":55,"href":"https:\/\/bmj.com.br\/en\/wp-json\/wp\/v2\/pages\/52528\/revisions"}],"predecessor-version":[{"id":67528,"href":"https:\/\/bmj.com.br\/en\/wp-json\/wp\/v2\/pages\/52528\/revisions\/67528"}],"wp:featuredmedia":[{"embeddable":true,"href":"https:\/\/bmj.com.br\/en\/wp-json\/wp\/v2\/media\/50921"}],"wp:attachment":[{"href":"https:\/\/bmj.com.br\/en\/wp-json\/wp\/v2\/media?parent=52528"}],"curies":[{"name":"wp","href":"https:\/\/api.w.org\/{rel}","templated":true}]}}