{"id":52261,"date":"2019-04-03T18:46:54","date_gmt":"2019-04-03T21:46:54","guid":{"rendered":"https:\/\/bmj.com.br\/?page_id=52261"},"modified":"2020-09-22T00:12:51","modified_gmt":"2020-09-22T03:12:51","slug":"comercio-internacional","status":"publish","type":"page","link":"https:\/\/bmj.com.br\/es\/comercio-internacional\/","title":{"rendered":"Comercio internacional"},"content":{"rendered":"<div id=\"fws_69d4eca812c98\"  data-column-margin=\"default\" data-midnight=\"dark\" data-top-percent=\"12%\"  class=\"wpb_row vc_row-fluid vc_row  top_padding_tablet_120px top_padding_phone_120px\"  style=\"padding-top: calc(100vw * 0.12); padding-bottom: 0px; \"><div class=\"row-bg-wrap\" data-bg-animation=\"none\" data-bg-animation-delay=\"\" data-bg-overlay=\"false\"><div class=\"inner-wrap row-bg-layer\" ><div class=\"row-bg viewport-desktop\"  style=\"\"><\/div><\/div><\/div><div class=\"row_col_wrap_12 col span_12 dark left\">\n\t<div  class=\"vc_col-sm-2\/5 vc_hidden-sm vc_hidden-xs wpb_column column_container vc_column_container col no-extra-padding left_margin_0px inherit_tablet inherit_phone\"  data-padding-pos=\"all\" data-has-bg-color=\"false\" data-bg-color=\"\" data-bg-opacity=\"1\" data-animation=\"\" data-delay=\"0\" >\n\t\t<div class=\"vc_column-inner\" >\n\t\t\t<div class=\"wpb_wrapper\">\n\t\t\t\t<div class=\"img-with-aniamtion-wrap\" data-max-width=\"75%\" data-max-width-mobile=\"default\" data-shadow=\"none\" data-animation=\"ro-reveal-from-left\" >\n      <div class=\"inner\">\n        <div class=\"hover-wrap\"> \n          <div class=\"hover-wrap-inner\">\n            <img fetchpriority=\"high\" decoding=\"async\" class=\"img-with-animation skip-lazy  nectar-lazy\" data-delay=\"0\" height=\"617\" width=\"438\" data-animation=\"ro-reveal-from-left\" data-nectar-img-src=\"https:\/\/bmj.com.br\/wp-content\/uploads\/2020\/09\/Comercio-Internacional.jpg\" src=\"data:image\/svg+xml;charset=utf-8,%3Csvg%20xmlns%3D'http%3A%2F%2Fwww.w3.org%2F2000%2Fsvg'%20viewBox%3D'0%200%20438%20617'%2F%3E\" alt=\"\" data-nectar-img-srcset=\"https:\/\/bmj.com.br\/wp-content\/uploads\/2020\/09\/Comercio-Internacional.jpg 438w, https:\/\/bmj.com.br\/wp-content\/uploads\/2020\/09\/Comercio-Internacional-121x170.jpg 121w\" sizes=\"(max-width: 438px) 100vw, 438px\" \/>\n          <\/div>\n        <\/div>\n      <\/div>\n    <\/div>\n<div class=\"wpb_text_column wpb_content_element  vc_custom_1594168017712\" >\n\t<div class=\"wpb_wrapper\">\n\t\t<h6>Mais \u00e1reas de atua\u00e7\u00e3o<\/h6>\n\t<\/div>\n<\/div>\n\n\n\n<div class=\"nectar-cta\" data-color=\"default\" data-using-bg=\"false\" data-style=\"arrow-animation\" data-display=\"block\" data-alignment=\"left\" data-text-color=\"custom\" style=\"margin-top: 10px; \"><h6 style=\"color: #dc9d00;\"><span class=\"link_wrap\" ><a  class=\"link_text\" href=\"\/relacoes-governamentais\/\"><span class=\"text\">Relaciones gubernamentales<\/span><svg class=\"next-arrow\" aria-hidden=\"true\" width=\"20px\" height=\"25px\" viewbox=\"0 0 50 80\" xml:space=\"preserve\">\n  <polyline stroke=\"#ffffff\" stroke-width=\"9\" fill=\"none\" stroke-linecap=\"round\" stroke-linejoin=\"round\" points=\"0, 0 45, 40 0, 80\"\/>\n  <\/svg>  <span class=\"line\"  style=\"background-color: #dc9d00;\"><\/span> <\/a><\/span><\/h6><\/div>\n\t\t\t<\/div> \n\t\t<\/div>\n\t<\/div> \n\n\t<div style=\"margin-bottom: 12%; \" class=\"vc_col-sm-3\/5 wpb_column column_container vc_column_container col no-extra-padding inherit_tablet inherit_phone\"  data-padding-pos=\"all\" data-has-bg-color=\"false\" data-bg-color=\"\" data-bg-opacity=\"1\" data-animation=\"\" data-delay=\"0\" >\n\t\t<div class=\"vc_column-inner\" >\n\t\t\t<div class=\"wpb_wrapper\">\n\t\t\t\t\n<div class=\"wpb_text_column wpb_content_element  wpb_animate_when_almost_visible wpb_fadeInUp fadeInUp vc_custom_1591328161177\" >\n\t<div class=\"wpb_wrapper\">\n\t\t<h6 style=\"color: #db9d00;\">\u00c1rea de Atua\u00e7\u00e3o<\/h6>\n\t<\/div>\n<\/div>\n\n\n\n\n<div class=\"wpb_text_column wpb_content_element  wpb_animate_when_almost_visible wpb_fadeInUp fadeInUp vc_custom_1591327649056\" >\n\t<div class=\"wpb_wrapper\">\n\t\t<h1 style=\"margin-top: 24%;\">Comercio internacional<\/h1>\n\t<\/div>\n<\/div>\n\n\n\n\n<div class=\"wpb_text_column wpb_content_element  wpb_animate_when_almost_visible wpb_fadeIn fadeIn vc_custom_1594173985484\" style=\" max-width: 600px; display: inline-block;\">\n\t<div class=\"wpb_wrapper\">\n\t\t<p class=\"p1\">O conhecimento do funcionamento do com\u00e9rcio internacional traz grandes oportunidades para as empresas se consolidarem e ampliarem seus neg\u00f3cios com seguran\u00e7a e previsibilidade, permitindo benef\u00edcios como acesso a novos mercados, ganhos de escala nos neg\u00f3cios, e desonera\u00e7\u00f5es tribut\u00e1rias, que resultam na redu\u00e7\u00e3o de custos e ganho de efici\u00eancia. N\u00e3o \u00e9 a toa que essa foi a primeira \u00e1rea de atua\u00e7\u00e3o da BMJ. Por\u00e9m, \u00e9 preciso conhecer a fundo os aspectos jur\u00eddicos, fiscais e administrativos para se ter sucesso nas trocas comerciais. E \u00e9 nesse ponto que n\u00f3s podemos te ajudar. Contamos com profissionais experientes egressos do Minist\u00e9rio do Desenvolvimento, Ind\u00fastria e Com\u00e9rcio Exterior, e do setor privado. Al\u00e9m disso, somos refer\u00eancia internacional nas opera\u00e7\u00f5es de com\u00e9rcio exterior, defesa comercial e com\u00e9rcio internacional.<\/p>\n\t<\/div>\n<\/div>\n\n\n\n<div class=\"toggles\" data-br=\"\" data-starting=\"default\" data-style=\"minimal\"><div class=\"toggle extra-color-1\" data-inner-wrap=\"true\"><h3 class=\"toggle-title\"><a href=\"#\" class=\"toggle-heading\"><i class=\"fa fa-plus-circle\"><\/i>Organiza\u00e7\u00e3o Mundial do Com\u00e9rcio (OMC)<\/a><\/h3><div><div class=\"inner-toggle-wrap\">\n<div class=\"wpb_text_column wpb_content_element\" >\n\t<div class=\"wpb_wrapper\">\n\t\t<ul>\n<li>Monitoramento e atua\u00e7\u00e3o em comit\u00eas e revis\u00f5es de pol\u00edticas comerciais da OMC.<\/li>\n<li>An\u00e1lise jur\u00eddica de consist\u00eancia de regras aplicadas por outros pa\u00edses com as normas da OMC.<\/li>\n<li>Elabora\u00e7\u00e3o de documentos e peti\u00e7\u00f5es em \u00e2mbitos nacional e internacional.<\/li>\n<li>Acompanhamento pol\u00edtico, nacional e internacional, de casos na OMC e em outras esferas de com\u00e9rcio internacional.<\/li>\n<\/ul>\n\t<\/div>\n<\/div>\n\n\n\n<\/div><\/div><\/div><div class=\"toggle extra-color-1\" data-inner-wrap=\"true\"><h3 class=\"toggle-title\"><a href=\"#\" class=\"toggle-heading\"><i class=\"fa fa-plus-circle\"><\/i>Estudos e An\u00e1lises de Com\u00e9rcio Internacional<\/a><\/h3><div><div class=\"inner-toggle-wrap\">\n<div class=\"wpb_text_column wpb_content_element\" >\n\t<div class=\"wpb_wrapper\">\n\t\t<ul>\n<li>An\u00e1lise e desenvolvimento de estrat\u00e9gia de neg\u00f3cios para acesso a novos mercados.<\/li>\n<li>Pareceres jur\u00eddicos sobre a tributa\u00e7\u00e3o no com\u00e9rcio internacional.<\/li>\n<li>An\u00e1lise setorial de barreiras tarif\u00e1rias e n\u00e3o-tarif\u00e1rias.<\/li>\n<li>Pareceres sobre consist\u00eancia de normas nacionais e internacionais com as regras do com\u00e9rcio multilateral (OMC).<\/li>\n<\/ul>\n\t<\/div>\n<\/div>\n\n\n\n<\/div><\/div><\/div><div class=\"toggle extra-color-1\" data-inner-wrap=\"true\"><h3 class=\"toggle-title\"><a href=\"#\" class=\"toggle-heading\"><i class=\"fa fa-plus-circle\"><\/i>Defesa Comercial<\/a><\/h3><div><div class=\"inner-toggle-wrap\">\n<div class=\"wpb_text_column wpb_content_element\" >\n\t<div class=\"wpb_wrapper\">\n\t\t<ul>\n<li>Estudos preliminares de an\u00e1lise de dumping.<\/li>\n<li>Elabora\u00e7\u00e3o de peti\u00e7\u00e3o e monitoramento de pr\u00e1ticas de dumping, subs\u00eddios e medidas de salvaguarda.<\/li>\n<li>Avalia\u00e7\u00e3o setorial de impacto da concorr\u00eancia desleal e de imposi\u00e7\u00e3o de medidas de defesa comercial.<\/li>\n<\/ul>\n\t<\/div>\n<\/div>\n\n\n\n<\/div><\/div><\/div><div class=\"toggle extra-color-1\" data-inner-wrap=\"true\"><h3 class=\"toggle-title\"><a href=\"#\" class=\"toggle-heading\"><i class=\"fa fa-plus-circle\"><\/i>Apoio Oficial \u00e0s Exporta\u00e7\u00f5es e Enquadramento em Programas do Governo<\/a><\/h3><div><div class=\"inner-toggle-wrap\"><div class=\"img-with-aniamtion-wrap\" data-max-width=\"100%\" data-max-width-mobile=\"default\" data-shadow=\"none\" data-animation=\"ro-reveal-from-left\" >\n      <div class=\"inner\">\n        <div class=\"hover-wrap\"> \n          <div class=\"hover-wrap-inner\">\n            <img decoding=\"async\" class=\"img-with-animation skip-lazy  nectar-lazy\" data-delay=\"0\" height=\"617\" width=\"438\" data-animation=\"ro-reveal-from-left\" data-nectar-img-src=\"https:\/\/bmj.com.br\/wp-content\/uploads\/2020\/06\/Comercio-Internacional.png\" src=\"data:image\/svg+xml;charset=utf-8,%3Csvg%20xmlns%3D'http%3A%2F%2Fwww.w3.org%2F2000%2Fsvg'%20viewBox%3D'0%200%20438%20617'%2F%3E\" alt=\"\" data-nectar-img-srcset=\"https:\/\/bmj.com.br\/wp-content\/uploads\/2020\/06\/Comercio-Internacional.png 438w, https:\/\/bmj.com.br\/wp-content\/uploads\/2020\/06\/Comercio-Internacional-121x170.png 121w, https:\/\/bmj.com.br\/wp-content\/uploads\/2020\/06\/Comercio-Internacional-177x250.png 177w, https:\/\/bmj.com.br\/wp-content\/uploads\/2020\/06\/Comercio-Internacional-319x450.png 319w\" sizes=\"(max-width: 438px) 100vw, 438px\" \/>\n          <\/div>\n        <\/div>\n      <\/div>\n    <\/div>\n<div class=\"wpb_text_column wpb_content_element\" >\n\t<div class=\"wpb_wrapper\">\n\t\t<ul>\n<li>PROEX Financiamento<\/li>\n<li>PROEX Equaliza\u00e7\u00e3o<\/li>\n<li>Seguro de Cr\u00e9dito com cobertura do FGE<\/li>\n<li>BNDES Exim<\/li>\n<li>Programas para o agroneg\u00f3cio<\/li>\n<\/ul>\n\t<\/div>\n<\/div>\n\n\n\n<\/div><\/div><\/div><\/div>\n\n\n\n\n\n\n\n\n\n\n\n\n\n\n\n\n\n\n\n\n\t\t\t<\/div> \n\t\t<\/div>\n\t<\/div> \n<\/div><\/div>\n\t\t<div id=\"fws_69d4eca814e7e\"  data-column-margin=\"default\" data-midnight=\"dark\"  class=\"wpb_row vc_row-fluid vc_row  top_padding_tablet_0px top_padding_phone_0px bottom_padding_tablet_120px bottom_padding_phone_120px\"  style=\"padding-top: 0px; padding-bottom: 0px; \"><div class=\"row-bg-wrap\" data-bg-animation=\"none\" data-bg-animation-delay=\"\" data-bg-overlay=\"false\"><div class=\"inner-wrap row-bg-layer\" ><div class=\"row-bg viewport-desktop\"  style=\"\"><\/div><\/div><\/div><div class=\"row_col_wrap_12 col span_12 dark left\">\n\t<div  class=\"vc_col-sm-12 vc_hidden-lg vc_hidden-md wpb_column column_container vc_column_container col no-extra-padding inherit_tablet inherit_phone\"  data-padding-pos=\"all\" data-has-bg-color=\"false\" data-bg-color=\"\" data-bg-opacity=\"1\" data-animation=\"\" data-delay=\"0\" >\n\t\t<div class=\"vc_column-inner\" >\n\t\t\t<div class=\"wpb_wrapper\">\n\t\t\t\t<div class=\"img-with-aniamtion-wrap\" data-max-width=\"100%\" data-max-width-mobile=\"default\" data-shadow=\"none\" data-animation=\"none\" >\n      <div class=\"inner\">\n        <div class=\"hover-wrap\"> \n          <div class=\"hover-wrap-inner\">\n            <img decoding=\"async\" class=\"img-with-animation skip-lazy  nectar-lazy\" data-delay=\"0\" height=\"617\" width=\"438\" data-animation=\"none\" data-nectar-img-src=\"https:\/\/bmj.com.br\/wp-content\/uploads\/2020\/09\/Comercio-Internacional.jpg\" src=\"data:image\/svg+xml;charset=utf-8,%3Csvg%20xmlns%3D'http%3A%2F%2Fwww.w3.org%2F2000%2Fsvg'%20viewBox%3D'0%200%20438%20617'%2F%3E\" alt=\"\" data-nectar-img-srcset=\"https:\/\/bmj.com.br\/wp-content\/uploads\/2020\/09\/Comercio-Internacional.jpg 438w, https:\/\/bmj.com.br\/wp-content\/uploads\/2020\/09\/Comercio-Internacional-121x170.jpg 121w\" sizes=\"(max-width: 438px) 100vw, 438px\" \/>\n          <\/div>\n        <\/div>\n      <\/div>\n    <\/div>\n<div class=\"wpb_text_column wpb_content_element  vc_custom_1594168017712\" >\n\t<div class=\"wpb_wrapper\">\n\t\t<h6>Mais \u00e1reas de atua\u00e7\u00e3o<\/h6>\n\t<\/div>\n<\/div>\n\n\n\n<div class=\"nectar-cta\" data-color=\"default\" data-using-bg=\"false\" data-style=\"arrow-animation\" data-display=\"block\" data-alignment=\"left\" data-text-color=\"custom\" style=\"margin-top: 10px; \"><h6 style=\"color: #dc9d00;\"><span class=\"link_wrap\" ><a  class=\"link_text\" href=\"\/relacoes-governamentais\/\"><span class=\"text\">Relaciones gubernamentales<\/span><svg class=\"next-arrow\" aria-hidden=\"true\" width=\"20px\" height=\"25px\" viewbox=\"0 0 50 80\" xml:space=\"preserve\">\n  <polyline stroke=\"#ffffff\" stroke-width=\"9\" fill=\"none\" stroke-linecap=\"round\" stroke-linejoin=\"round\" points=\"0, 0 45, 40 0, 80\"\/>\n  <\/svg>  <span class=\"line\"  style=\"background-color: #dc9d00;\"><\/span> <\/a><\/span><\/h6><\/div>\n\t\t\t<\/div> \n\t\t<\/div>\n\t<\/div> \n<\/div><\/div>","protected":false},"excerpt":{"rendered":"Mais \u00e1reas de atua\u00e7\u00e3o Rela\u00e7\u00f5es Governamentais \u00c1rea de Atua\u00e7\u00e3o Com\u00e9rcio Internacional O conhecimento do funcionamento do com\u00e9rcio internacional traz grandes oportunidades para as empresas se consolidarem e ampliarem seus neg\u00f3cios...","protected":false},"author":15,"featured_media":0,"parent":0,"menu_order":0,"comment_status":"closed","ping_status":"closed","template":"","meta":{"_acf_changed":false,"_exactmetrics_skip_tracking":false,"_exactmetrics_sitenote_active":false,"_exactmetrics_sitenote_note":"","_exactmetrics_sitenote_category":0,"footnotes":""},"class_list":["post-52261","page","type-page","status-publish"],"acf":[],"yoast_head":"<!-- This site is optimized with the Yoast SEO plugin v27.3 - https:\/\/yoast.com\/product\/yoast-seo-wordpress\/ -->\n<title>Com\u00e9rcio Internacional - BMJ<\/title>\n<meta name=\"robots\" content=\"index, follow, max-snippet:-1, max-image-preview:large, max-video-preview:-1\" \/>\n<link rel=\"canonical\" href=\"https:\/\/bmj.com.br\/es\/comercio-internacional\/\" \/>\n<meta property=\"og:locale\" content=\"es_ES\" \/>\n<meta property=\"og:type\" content=\"article\" \/>\n<meta property=\"og:title\" content=\"Com\u00e9rcio Internacional - BMJ\" \/>\n<meta property=\"og:url\" content=\"https:\/\/bmj.com.br\/es\/comercio-internacional\/\" \/>\n<meta property=\"og:site_name\" content=\"BMJ\" \/>\n<meta property=\"article:publisher\" content=\"https:\/\/www.facebook.com\/BMJAssociados\/?ref=ts\" \/>\n<meta property=\"article:modified_time\" content=\"2020-09-22T03:12:51+00:00\" \/>\n<meta name=\"twitter:card\" content=\"summary_large_image\" \/>\n<meta name=\"twitter:site\" content=\"@BMJconsultoria\" \/>\n<meta name=\"twitter:label1\" content=\"Tiempo de lectura\" \/>\n\t<meta name=\"twitter:data1\" content=\"5 minutos\" \/>\n<script type=\"application\/ld+json\" class=\"yoast-schema-graph\">{\"@context\":\"https:\\\/\\\/schema.org\",\"@graph\":[{\"@type\":\"WebPage\",\"@id\":\"https:\\\/\\\/bmj.com.br\\\/comercio-internacional\\\/\",\"url\":\"https:\\\/\\\/bmj.com.br\\\/comercio-internacional\\\/\",\"name\":\"Com\u00e9rcio Internacional - BMJ\",\"isPartOf\":{\"@id\":\"https:\\\/\\\/bmj.com.br\\\/#website\"},\"datePublished\":\"2019-04-03T21:46:54+00:00\",\"dateModified\":\"2020-09-22T03:12:51+00:00\",\"breadcrumb\":{\"@id\":\"https:\\\/\\\/bmj.com.br\\\/comercio-internacional\\\/#breadcrumb\"},\"inLanguage\":\"es\",\"potentialAction\":[{\"@type\":\"ReadAction\",\"target\":[\"https:\\\/\\\/bmj.com.br\\\/comercio-internacional\\\/\"]}]},{\"@type\":\"BreadcrumbList\",\"@id\":\"https:\\\/\\\/bmj.com.br\\\/comercio-internacional\\\/#breadcrumb\",\"itemListElement\":[{\"@type\":\"ListItem\",\"position\":1,\"name\":\"Home\",\"item\":\"https:\\\/\\\/bmj.com.br\\\/\"},{\"@type\":\"ListItem\",\"position\":2,\"name\":\"Com\u00e9rcio Internacional\"}]},{\"@type\":\"WebSite\",\"@id\":\"https:\\\/\\\/bmj.com.br\\\/#website\",\"url\":\"https:\\\/\\\/bmj.com.br\\\/\",\"name\":\"BMJ\",\"description\":\"Consultores Associados\",\"publisher\":{\"@id\":\"https:\\\/\\\/bmj.com.br\\\/#organization\"},\"potentialAction\":[{\"@type\":\"SearchAction\",\"target\":{\"@type\":\"EntryPoint\",\"urlTemplate\":\"https:\\\/\\\/bmj.com.br\\\/?s={search_term_string}\"},\"query-input\":{\"@type\":\"PropertyValueSpecification\",\"valueRequired\":true,\"valueName\":\"search_term_string\"}}],\"inLanguage\":\"es\"},{\"@type\":\"Organization\",\"@id\":\"https:\\\/\\\/bmj.com.br\\\/#organization\",\"name\":\"BMJ Consultoria\",\"url\":\"https:\\\/\\\/bmj.com.br\\\/\",\"logo\":{\"@type\":\"ImageObject\",\"inLanguage\":\"es\",\"@id\":\"https:\\\/\\\/bmj.com.br\\\/#\\\/schema\\\/logo\\\/image\\\/\",\"url\":\"\",\"contentUrl\":\"\",\"caption\":\"BMJ Consultoria\"},\"image\":{\"@id\":\"https:\\\/\\\/bmj.com.br\\\/#\\\/schema\\\/logo\\\/image\\\/\"},\"sameAs\":[\"https:\\\/\\\/www.facebook.com\\\/BMJAssociados\\\/?ref=ts\",\"https:\\\/\\\/x.com\\\/BMJconsultoria\",\"https:\\\/\\\/www.instagram.com\\\/bmjconsultoria\\\/\",\"https:\\\/\\\/www.linkedin.com\\\/company\\\/bmjconsultoresassociados\\\/?originalSubdomain=br\",\"https:\\\/\\\/www.youtube.com\\\/user\\\/bmjconsultoria\"]}]}<\/script>\n<!-- \/ Yoast SEO plugin. -->","yoast_head_json":{"title":"Com\u00e9rcio Internacional - BMJ","robots":{"index":"index","follow":"follow","max-snippet":"max-snippet:-1","max-image-preview":"max-image-preview:large","max-video-preview":"max-video-preview:-1"},"canonical":"https:\/\/bmj.com.br\/es\/comercio-internacional\/","og_locale":"es_ES","og_type":"article","og_title":"Com\u00e9rcio Internacional - BMJ","og_url":"https:\/\/bmj.com.br\/es\/comercio-internacional\/","og_site_name":"BMJ","article_publisher":"https:\/\/www.facebook.com\/BMJAssociados\/?ref=ts","article_modified_time":"2020-09-22T03:12:51+00:00","twitter_card":"summary_large_image","twitter_site":"@BMJconsultoria","twitter_misc":{"Tiempo de lectura":"5 minutos"},"schema":{"@context":"https:\/\/schema.org","@graph":[{"@type":"WebPage","@id":"https:\/\/bmj.com.br\/comercio-internacional\/","url":"https:\/\/bmj.com.br\/comercio-internacional\/","name":"Com\u00e9rcio Internacional - BMJ","isPartOf":{"@id":"https:\/\/bmj.com.br\/#website"},"datePublished":"2019-04-03T21:46:54+00:00","dateModified":"2020-09-22T03:12:51+00:00","breadcrumb":{"@id":"https:\/\/bmj.com.br\/comercio-internacional\/#breadcrumb"},"inLanguage":"es","potentialAction":[{"@type":"ReadAction","target":["https:\/\/bmj.com.br\/comercio-internacional\/"]}]},{"@type":"BreadcrumbList","@id":"https:\/\/bmj.com.br\/comercio-internacional\/#breadcrumb","itemListElement":[{"@type":"ListItem","position":1,"name":"Home","item":"https:\/\/bmj.com.br\/"},{"@type":"ListItem","position":2,"name":"Com\u00e9rcio Internacional"}]},{"@type":"WebSite","@id":"https:\/\/bmj.com.br\/#website","url":"https:\/\/bmj.com.br\/","name":"BMJ","description":"Consultores Associados","publisher":{"@id":"https:\/\/bmj.com.br\/#organization"},"potentialAction":[{"@type":"SearchAction","target":{"@type":"EntryPoint","urlTemplate":"https:\/\/bmj.com.br\/?s={search_term_string}"},"query-input":{"@type":"PropertyValueSpecification","valueRequired":true,"valueName":"search_term_string"}}],"inLanguage":"es"},{"@type":"Organization","@id":"https:\/\/bmj.com.br\/#organization","name":"BMJ Consultoria","url":"https:\/\/bmj.com.br\/","logo":{"@type":"ImageObject","inLanguage":"es","@id":"https:\/\/bmj.com.br\/#\/schema\/logo\/image\/","url":"","contentUrl":"","caption":"BMJ Consultoria"},"image":{"@id":"https:\/\/bmj.com.br\/#\/schema\/logo\/image\/"},"sameAs":["https:\/\/www.facebook.com\/BMJAssociados\/?ref=ts","https:\/\/x.com\/BMJconsultoria","https:\/\/www.instagram.com\/bmjconsultoria\/","https:\/\/www.linkedin.com\/company\/bmjconsultoresassociados\/?originalSubdomain=br","https:\/\/www.youtube.com\/user\/bmjconsultoria"]}]}},"_links":{"self":[{"href":"https:\/\/bmj.com.br\/es\/wp-json\/wp\/v2\/pages\/52261","targetHints":{"allow":["GET"]}}],"collection":[{"href":"https:\/\/bmj.com.br\/es\/wp-json\/wp\/v2\/pages"}],"about":[{"href":"https:\/\/bmj.com.br\/es\/wp-json\/wp\/v2\/types\/page"}],"author":[{"embeddable":true,"href":"https:\/\/bmj.com.br\/es\/wp-json\/wp\/v2\/users\/15"}],"replies":[{"embeddable":true,"href":"https:\/\/bmj.com.br\/es\/wp-json\/wp\/v2\/comments?post=52261"}],"version-history":[{"count":22,"href":"https:\/\/bmj.com.br\/es\/wp-json\/wp\/v2\/pages\/52261\/revisions"}],"predecessor-version":[{"id":54961,"href":"https:\/\/bmj.com.br\/es\/wp-json\/wp\/v2\/pages\/52261\/revisions\/54961"}],"wp:attachment":[{"href":"https:\/\/bmj.com.br\/es\/wp-json\/wp\/v2\/media?parent=52261"}],"curies":[{"name":"wp","href":"https:\/\/api.w.org\/{rel}","templated":true}]}}