{"id":52292,"date":"2019-04-03T20:01:35","date_gmt":"2019-04-03T23:01:35","guid":{"rendered":"https:\/\/bmj.com.br\/?page_id=52292"},"modified":"2020-11-23T11:59:41","modified_gmt":"2020-11-23T14:59:41","slug":"relacoes-governamentais","status":"publish","type":"page","link":"https:\/\/bmj.com.br\/es\/relacoes-governamentais\/","title":{"rendered":"Relaciones gubernamentales"},"content":{"rendered":"<div id=\"fws_69d379f773160\"  data-column-margin=\"default\" data-midnight=\"dark\" data-top-percent=\"12%\"  class=\"wpb_row vc_row-fluid vc_row  top_padding_tablet_120px top_padding_phone_120px\"  style=\"padding-top: calc(100vw * 0.12); padding-bottom: 0px; \"><div class=\"row-bg-wrap\" data-bg-animation=\"none\" data-bg-animation-delay=\"\" data-bg-overlay=\"false\"><div class=\"inner-wrap row-bg-layer\" ><div class=\"row-bg viewport-desktop\"  style=\"\"><\/div><\/div><\/div><div class=\"row_col_wrap_12 col span_12 dark left\">\n\t<div  class=\"vc_col-sm-2\/5 vc_hidden-sm vc_hidden-xs wpb_column column_container vc_column_container col no-extra-padding inherit_tablet inherit_phone\"  data-padding-pos=\"all\" data-has-bg-color=\"false\" data-bg-color=\"\" data-bg-opacity=\"1\" data-animation=\"\" data-delay=\"0\" >\n\t\t<div class=\"vc_column-inner\" >\n\t\t\t<div class=\"wpb_wrapper\">\n\t\t\t\t<div class=\"img-with-aniamtion-wrap\" data-max-width=\"75%\" data-max-width-mobile=\"default\" data-shadow=\"none\" data-animation=\"ro-reveal-from-left\" >\n      <div class=\"inner\">\n        <div class=\"hover-wrap\"> \n          <div class=\"hover-wrap-inner\">\n            <img fetchpriority=\"high\" decoding=\"async\" class=\"img-with-animation skip-lazy  nectar-lazy\" data-delay=\"0\" height=\"617\" width=\"438\" data-animation=\"ro-reveal-from-left\" data-nectar-img-src=\"https:\/\/bmj.com.br\/wp-content\/uploads\/2020\/09\/Relac\u0327o\u0303es-Governamentais.jpg\" src=\"data:image\/svg+xml;charset=utf-8,%3Csvg%20xmlns%3D'http%3A%2F%2Fwww.w3.org%2F2000%2Fsvg'%20viewBox%3D'0%200%20438%20617'%2F%3E\" alt=\"\" data-nectar-img-srcset=\"https:\/\/bmj.com.br\/wp-content\/uploads\/2020\/09\/Relac\u0327o\u0303es-Governamentais.jpg 438w, https:\/\/bmj.com.br\/wp-content\/uploads\/2020\/09\/Relac\u0327o\u0303es-Governamentais-121x170.jpg 121w\" sizes=\"(max-width: 438px) 100vw, 438px\" \/>\n          <\/div>\n        <\/div>\n      <\/div>\n    <\/div>\n<div class=\"wpb_text_column wpb_content_element  vc_custom_1594168051824\" >\n\t<div class=\"wpb_wrapper\">\n\t\t<h6>Mais \u00e1reas de atua\u00e7\u00e3o<\/h6>\n\t<\/div>\n<\/div>\n\n\n\n<div class=\"nectar-cta\" data-color=\"default\" data-using-bg=\"false\" data-style=\"arrow-animation\" data-display=\"block\" data-alignment=\"left\" data-text-color=\"custom\" style=\"margin-top: 10px; \"><h6 style=\"color: #dc9d00;\"><span class=\"link_wrap\" ><a  class=\"link_text\" href=\"\/comercio-internacional\/\"><span class=\"text\">Comercio internacional<\/span><svg class=\"next-arrow\" aria-hidden=\"true\" width=\"20px\" height=\"25px\" viewbox=\"0 0 50 80\" xml:space=\"preserve\">\n  <polyline stroke=\"#ffffff\" stroke-width=\"9\" fill=\"none\" stroke-linecap=\"round\" stroke-linejoin=\"round\" points=\"0, 0 45, 40 0, 80\"\/>\n  <\/svg>  <span class=\"line\"  style=\"background-color: #dc9d00;\"><\/span> <\/a><\/span><\/h6><\/div>\n\t\t\t<\/div> \n\t\t<\/div>\n\t<\/div> \n\n\t<div style=\"margin-bottom: 12%; \" class=\"vc_col-sm-3\/5 wpb_column column_container vc_column_container col no-extra-padding inherit_tablet inherit_phone\"  data-padding-pos=\"all\" data-has-bg-color=\"false\" data-bg-color=\"\" data-bg-opacity=\"1\" data-animation=\"\" data-delay=\"0\" >\n\t\t<div class=\"vc_column-inner\" >\n\t\t\t<div class=\"wpb_wrapper\">\n\t\t\t\t\n<div class=\"wpb_text_column wpb_content_element  wpb_animate_when_almost_visible wpb_fadeInUp fadeInUp vc_custom_1591328549879\" >\n\t<div class=\"wpb_wrapper\">\n\t\t<h6 style=\"margin-top: -20px; color: #db9d00;\">\u00c1rea de Atua\u00e7\u00e3o<\/h6>\n\t<\/div>\n<\/div>\n\n\n\n\n<div class=\"wpb_text_column wpb_content_element  wpb_animate_when_almost_visible wpb_fadeInUp fadeInUp vc_custom_1591325856444\" >\n\t<div class=\"wpb_wrapper\">\n\t\t<h1 style=\"margin-top: 24%;\">Relaciones gubernamentales<\/h1>\n\t<\/div>\n<\/div>\n\n\n\n\n<div class=\"wpb_text_column wpb_content_element  wpb_animate_when_almost_visible wpb_fadeIn fadeIn vc_custom_1594173827257\" style=\" max-width: 600px; display: inline-block;\">\n\t<div class=\"wpb_wrapper\">\n\t\t<p class=\"p1\"><span class=\"s1\">A BMJ acredita em agregar valor competitivo para seus clientes por meio do trabalho t\u00e9cnico, \u00e9tico e qualificado, posicionando-os de forma estrat\u00e9gica no processo decis\u00f3rio de pol\u00edticas p\u00fablicas para defesa de interesses.<\/span><\/p>\n\t<\/div>\n<\/div>\n\n\n\n<div class=\"toggles\" data-br=\"\" data-starting=\"default\" data-style=\"minimal\"><div class=\"toggle extra-color-1\" data-inner-wrap=\"true\"><h3 class=\"toggle-title\"><a href=\"#\" class=\"toggle-heading\"><i class=\"fa fa-plus-circle\"><\/i>Atua\u00e7\u00e3o no Congresso Nacional e Assembleias Legislativas<\/a><\/h3><div><div class=\"inner-toggle-wrap\">\n<div class=\"wpb_text_column wpb_content_element\" >\n\t<div class=\"wpb_wrapper\">\n\t\t<ul>\n<li class=\"p1\"><span class=\"s1\">Acompanhamento, monitoramento e engajamento em audi\u00eancias p\u00fablicas, propostas legislativas e discursos de parlamentares.<\/span><\/li>\n<li class=\"p1\"><span class=\"s1\">Articula\u00e7\u00e3o para aprova\u00e7\u00e3o, modifica\u00e7\u00e3o ou rejei\u00e7\u00e3o de projetos de lei e medidas provis\u00f3rias.<\/span><\/li>\n<li class=\"p1\"><span class=\"s1\">Articula\u00e7\u00e3o para apresenta\u00e7\u00e3o ou rejei\u00e7\u00e3o de propostas legislativas que visem a defesa de interesses ou possam impactar os objetivos dos clientes.<\/span><\/li>\n<li class=\"p1\"><span class=\"s1\">Elabora\u00e7\u00e3o de mapa de vota\u00e7\u00f5es e an\u00e1lise de inten\u00e7\u00e3o de votos.<\/span><\/li>\n<li class=\"p1\"><span class=\"s1\">Elabora\u00e7\u00e3o de notas t\u00e9cnicas e an\u00e1lises legislativas sobre a perspectiva de aprova\u00e7\u00e3o de propostas.<\/span><\/li>\n<li class=\"p1\"><span class=\"s1\">Acompanhamento de Comiss\u00f5es Especiais e Parlamentares de Inqu\u00e9rito.<\/span><\/li>\n<li class=\"p1\"><span class=\"s1\">Reuni\u00f5es e agendas de trabalho com parlamentares, lideran\u00e7as, frentes e demais stakeholders de interesse.<\/span><\/li>\n<li class=\"p1\"><span class=\"s1\">Elabora\u00e7\u00e3o de estrat\u00e9gias de articula\u00e7\u00e3o para a defesa de interesses.<\/span><\/li>\n<li class=\"p1\"><span class=\"s1\">Monitoramento e acompanhamento de bancadas partid\u00e1rias e suas posi\u00e7\u00f5es internas sobre temas espec\u00edficos.<\/span><\/li>\n<\/ul>\n\t<\/div>\n<\/div>\n\n\n\n<\/div><\/div><\/div><div class=\"toggle extra-color-1\" data-inner-wrap=\"true\"><h3 class=\"toggle-title\"><a href=\"#\" class=\"toggle-heading\"><i class=\"fa fa-plus-circle\"><\/i>Defesa de Interesses no Poder Executivo<\/a><\/h3><div><div class=\"inner-toggle-wrap\">\n<div class=\"wpb_text_column wpb_content_element\" >\n\t<div class=\"wpb_wrapper\">\n\t\t<ul>\n<li class=\"p1\"><span class=\"s1\">Acompanhamento de todas as publica\u00e7\u00f5es e a\u00e7\u00f5es do governo federal e estadual.<\/span><\/li>\n<li class=\"p1\"><span class=\"s1\">Participa\u00e7\u00e3o no processo decis\u00f3rio de pol\u00edtica p\u00fablicas diretamente ou via entidades de representa\u00e7\u00e3o.<\/span><\/li>\n<li class=\"p1\"><span class=\"s1\">Atua\u00e7\u00e3o no processo de regulamenta\u00e7\u00e3o de leis.<\/span><\/li>\n<li class=\"p1\"><span class=\"s1\">Acompanhamento e atua\u00e7\u00e3o em ag\u00eancias reguladoras e representa\u00e7\u00e3o em reuni\u00f5es e eventos.<\/span><\/li>\n<li class=\"p1\"><span class=\"s1\">Participa\u00e7\u00e3o em Consultas P\u00fablicas.<\/span><\/li>\n<li class=\"p1\"><span class=\"s1\">Inscri\u00e7\u00e3o em programas governamentais e aux\u00edlio no processo de aquisi\u00e7\u00e3o de licen\u00e7as.<\/span><\/li>\n<li class=\"p1\"><span class=\"s1\">An\u00e1lise estrat\u00e9gica para identifica\u00e7\u00e3o de linhas de financiamento e apoio para acesso a tais financiamentos.<\/span><\/li>\n<li class=\"p1\"><span class=\"s1\">Constru\u00e7\u00e3o de relacionamento com atores do Poder Executivo.<\/span><\/li>\n<li class=\"p1\"><span class=\"s1\">Solicita\u00e7\u00e3o de audi\u00eancia, prepara\u00e7\u00e3o de visitas in loco.<\/span><\/li>\n<\/ul>\n\t<\/div>\n<\/div>\n\n\n\n<\/div><\/div><\/div><div class=\"toggle extra-color-1\" data-inner-wrap=\"true\"><h3 class=\"toggle-title\"><a href=\"#\" class=\"toggle-heading\"><i class=\"fa fa-plus-circle\"><\/i>An\u00e1lise de Risco Pol\u00edtico<\/a><\/h3><div><div class=\"inner-toggle-wrap\">\n<div class=\"wpb_text_column wpb_content_element\" >\n\t<div class=\"wpb_wrapper\">\n\t\t<ul>\n<li class=\"p1\"><span class=\"s1\">An\u00e1lise e elabora\u00e7\u00e3o de cen\u00e1rios pol\u00edticos e regulat\u00f3rios.<\/span><\/li>\n<li class=\"p1\"><span class=\"s1\">Materiais di\u00e1rios\/semanais\/mensais com an\u00e1lise sobre os principais acontecimentos do mundo pol\u00edtico e seus impactos para os neg\u00f3cios ou campanhas.<\/span><\/li>\n<li class=\"p1\"><span class=\"s1\">Produ\u00e7\u00e3o de relat\u00f3rios e estudos sobre riscos pol\u00edticos e regulat\u00f3rios.<\/span><\/li>\n<li class=\"p1\"><span class=\"s1\">Apresenta\u00e7\u00f5es e palestras sobre ambientes pol\u00edtico e econ\u00f4mico.<\/span><\/li>\n<li class=\"p1\"><span class=\"s1\">Estrutura\u00e7\u00e3o de estrat\u00e9gia de gest\u00e3o de risco pol\u00edtico.<\/span><\/li>\n<\/ul>\n\t<\/div>\n<\/div>\n\n\n\n<\/div><\/div><\/div><div class=\"toggle extra-color-1\" data-inner-wrap=\"true\"><h3 class=\"toggle-title\"><a href=\"#\" class=\"toggle-heading\"><i class=\"fa fa-plus-circle\"><\/i>Gest\u00e3o da \u00c1rea de Rela\u00e7\u00f5es Institucionais e Governamentais<\/a><\/h3><div><div class=\"inner-toggle-wrap\">\n<div class=\"wpb_text_column wpb_content_element\" >\n\t<div class=\"wpb_wrapper\">\n\t\t\t<\/div>\n<\/div>\n\n\n\n<\/div><\/div><\/div><div class=\"toggle extra-color-1\" data-inner-wrap=\"true\"><h3 class=\"toggle-title\"><a href=\"#\" class=\"toggle-heading\"><i class=\"fa fa-plus-circle\"><\/i>Comunica\u00e7\u00e3o Estrat\u00e9gica<\/a><\/h3><div><div class=\"inner-toggle-wrap\">\n<div class=\"wpb_text_column wpb_content_element\" >\n\t<div class=\"wpb_wrapper\">\n\t\t\t<\/div>\n<\/div>\n\n\n\n<\/div><\/div><\/div><div class=\"toggle extra-color-1\" data-inner-wrap=\"true\"><h3 class=\"toggle-title\"><a href=\"#\" class=\"toggle-heading\"><i class=\"fa fa-plus-circle\"><\/i>Gest\u00e3o de Crise Pol\u00edtica<\/a><\/h3><div><div class=\"inner-toggle-wrap\">\n<div class=\"wpb_text_column wpb_content_element\" >\n\t<div class=\"wpb_wrapper\">\n\t\t<ul>\n<li class=\"p1\"><span class=\"s1\">Auditoria de vulnerabilidade para corre\u00e7\u00e3o das eventuais falhas.<\/span><\/li>\n<li class=\"p1\"><span class=\"s1\">Plano de conting\u00eancia para situa\u00e7\u00f5es de emerg\u00eancia.<\/span><\/li>\n<li class=\"p1\"><span class=\"s1\">Implementa\u00e7\u00e3o de Comit\u00ea de Crise.<\/span><\/li>\n<li class=\"p1\"><span class=\"s1\">Media training.<\/span><\/li>\n<li class=\"p1\"><span class=\"s1\">Defini\u00e7\u00e3o de estrat\u00e9gica para resposta aos meios de comunica\u00e7\u00e3o e stakeholders, al\u00e9m de posicionamento das redes sociais.<\/span><\/li>\n<li class=\"p1\"><span class=\"s1\">Defini\u00e7\u00e3o de porta voz e prepara\u00e7\u00e3o para participa\u00e7\u00e3o em comiss\u00f5es.<\/span><\/li>\n<li class=\"p1\"><span class=\"s1\">Prepara\u00e7\u00e3o na participa\u00e7\u00e3o de audi\u00eancias p\u00fablicas.<\/span><\/li>\n<li class=\"p1\"><span class=\"s1\">Estrat\u00e9gias de defesa em caso de ataques de parlamentares ao setor\/empresa.<\/span><\/li>\n<li class=\"p1\"><span class=\"s1\">Recupera\u00e7\u00e3o p\u00f3s-crise e estabelecimento de pauta positiva.<\/span><\/li>\n<\/ul>\n\t<\/div>\n<\/div>\n\n\n\n<\/div><\/div><\/div><div class=\"toggle extra-color-1\" data-inner-wrap=\"true\"><h3 class=\"toggle-title\"><a href=\"#\" class=\"toggle-heading\"><i class=\"fa fa-plus-circle\"><\/i>Intelig\u00eancia Regulat\u00f3ria<\/a><\/h3><div><div class=\"inner-toggle-wrap\">\n<div class=\"wpb_text_column wpb_content_element\" >\n\t<div class=\"wpb_wrapper\">\n\t\t<ul>\n<li>Elabora\u00e7\u00e3o de estudo de viabilidade para enquadramento de produtos frente \u00e0 legisla\u00e7\u00e3o da Ag\u00eancia Nacional de Vigil\u00e2ncia Sanit\u00e1ria (Anvisa), do Minist\u00e9rio da Sa\u00fade (MS) e do Minist\u00e9rio da Agricultura, Pecu\u00e1ria e Abastecimento (Mapa).<\/li>\n<li>Respostas \u00e0s d\u00favidas e interpreta\u00e7\u00f5es de requerimentos legais.<\/li>\n<li>An\u00e1lise pr\u00e9via de material de propaganda e de r\u00f3tulos de produtos verificando poss\u00edveis riscos de autua\u00e7\u00e3o.<\/li>\n<li>An\u00e1lise de Risco Regulat\u00f3rio (change control \/compliance regulat\u00f3rio).<\/li>\n<li>Aux\u00edlio para agendamento de reuni\u00f5es na Anvisa e no Mapa.<\/li>\n<li>Mapeamento das principais legisla\u00e7\u00f5es que t\u00eam impacto para a empresa.<\/li>\n<li>Prepara\u00e7\u00e3o e acompanhamento de processos para obten\u00e7\u00e3o de licen\u00e7as de importa\u00e7\u00e3o e exporta\u00e7\u00e3o<\/li>\n<\/ul>\n\t<\/div>\n<\/div>\n\n\n\n<\/div><\/div><\/div><\/div>\n\n\n\n\n\n\n\n\n\n\n\n\n\n\n\n\n\n\n\n\n\t\t\t<\/div> \n\t\t<\/div>\n\t<\/div> \n<\/div><\/div>\n\t\t<div id=\"fws_69d379f774b7f\"  data-column-margin=\"default\" data-midnight=\"dark\"  class=\"wpb_row vc_row-fluid vc_row  bottom_padding_tablet_120px bottom_padding_phone_120px\"  style=\"padding-top: 0px; padding-bottom: 0px; \"><div class=\"row-bg-wrap\" data-bg-animation=\"none\" data-bg-animation-delay=\"\" data-bg-overlay=\"false\"><div class=\"inner-wrap row-bg-layer\" ><div class=\"row-bg viewport-desktop\"  style=\"\"><\/div><\/div><\/div><div class=\"row_col_wrap_12 col span_12 dark left\">\n\t<div  class=\"vc_col-sm-12 vc_hidden-lg vc_hidden-md wpb_column column_container vc_column_container col no-extra-padding inherit_tablet inherit_phone\"  data-padding-pos=\"all\" data-has-bg-color=\"false\" data-bg-color=\"\" data-bg-opacity=\"1\" data-animation=\"\" data-delay=\"0\" >\n\t\t<div class=\"vc_column-inner\" >\n\t\t\t<div class=\"wpb_wrapper\">\n\t\t\t\t<div class=\"img-with-aniamtion-wrap\" data-max-width=\"100%\" data-max-width-mobile=\"default\" data-shadow=\"none\" data-animation=\"none\" >\n      <div class=\"inner\">\n        <div class=\"hover-wrap\"> \n          <div class=\"hover-wrap-inner\">\n            <img decoding=\"async\" class=\"img-with-animation skip-lazy  nectar-lazy\" data-delay=\"0\" height=\"617\" width=\"438\" data-animation=\"none\" data-nectar-img-src=\"https:\/\/bmj.com.br\/wp-content\/uploads\/2020\/09\/Relac\u0327o\u0303es-Governamentais.jpg\" src=\"data:image\/svg+xml;charset=utf-8,%3Csvg%20xmlns%3D'http%3A%2F%2Fwww.w3.org%2F2000%2Fsvg'%20viewBox%3D'0%200%20438%20617'%2F%3E\" alt=\"\" data-nectar-img-srcset=\"https:\/\/bmj.com.br\/wp-content\/uploads\/2020\/09\/Relac\u0327o\u0303es-Governamentais.jpg 438w, https:\/\/bmj.com.br\/wp-content\/uploads\/2020\/09\/Relac\u0327o\u0303es-Governamentais-121x170.jpg 121w\" sizes=\"(max-width: 438px) 100vw, 438px\" \/>\n          <\/div>\n        <\/div>\n      <\/div>\n    <\/div>\n<div class=\"wpb_text_column wpb_content_element  vc_custom_1594168051824\" >\n\t<div class=\"wpb_wrapper\">\n\t\t<h6>Mais \u00e1reas de atua\u00e7\u00e3o<\/h6>\n\t<\/div>\n<\/div>\n\n\n\n<div class=\"nectar-cta\" data-color=\"default\" data-using-bg=\"false\" data-style=\"arrow-animation\" data-display=\"block\" data-alignment=\"left\" data-text-color=\"custom\" style=\"margin-top: 10px; \"><h6 style=\"color: #dc9d00;\"><span class=\"link_wrap\" ><a  class=\"link_text\" href=\"\/comercio-internacional\/\"><span class=\"text\">Comercio internacional<\/span><svg class=\"next-arrow\" aria-hidden=\"true\" width=\"20px\" height=\"25px\" viewbox=\"0 0 50 80\" xml:space=\"preserve\">\n  <polyline stroke=\"#ffffff\" stroke-width=\"9\" fill=\"none\" stroke-linecap=\"round\" stroke-linejoin=\"round\" points=\"0, 0 45, 40 0, 80\"\/>\n  <\/svg>  <span class=\"line\"  style=\"background-color: #dc9d00;\"><\/span> <\/a><\/span><\/h6><\/div>\n\t\t\t<\/div> \n\t\t<\/div>\n\t<\/div> \n<\/div><\/div>","protected":false},"excerpt":{"rendered":"Mais \u00e1reas de atua\u00e7\u00e3o Com\u00e9rcio Internacional \u00c1rea de Atua\u00e7\u00e3o Rela\u00e7\u00f5es Governamentais A BMJ acredita em agregar valor competitivo para seus clientes por meio do trabalho t\u00e9cnico, \u00e9tico e qualificado, posicionando-os...","protected":false},"author":15,"featured_media":0,"parent":0,"menu_order":0,"comment_status":"closed","ping_status":"closed","template":"","meta":{"_acf_changed":false,"_exactmetrics_skip_tracking":false,"_exactmetrics_sitenote_active":false,"_exactmetrics_sitenote_note":"","_exactmetrics_sitenote_category":0,"footnotes":""},"class_list":["post-52292","page","type-page","status-publish"],"acf":[],"yoast_head":"<!-- This site is optimized with the Yoast SEO plugin v27.3 - https:\/\/yoast.com\/product\/yoast-seo-wordpress\/ -->\n<title>Rela\u00e7\u00f5es Governamentais - BMJ<\/title>\n<meta name=\"robots\" content=\"index, follow, max-snippet:-1, max-image-preview:large, max-video-preview:-1\" \/>\n<link rel=\"canonical\" href=\"https:\/\/bmj.com.br\/es\/relacoes-governamentais\/\" \/>\n<meta property=\"og:locale\" content=\"es_ES\" \/>\n<meta property=\"og:type\" content=\"article\" \/>\n<meta property=\"og:title\" content=\"Rela\u00e7\u00f5es Governamentais - BMJ\" \/>\n<meta property=\"og:url\" content=\"https:\/\/bmj.com.br\/es\/relacoes-governamentais\/\" \/>\n<meta property=\"og:site_name\" content=\"BMJ\" \/>\n<meta property=\"article:publisher\" content=\"https:\/\/www.facebook.com\/BMJAssociados\/?ref=ts\" \/>\n<meta property=\"article:modified_time\" content=\"2020-11-23T14:59:41+00:00\" \/>\n<meta name=\"twitter:card\" content=\"summary_large_image\" \/>\n<meta name=\"twitter:site\" content=\"@BMJconsultoria\" \/>\n<meta name=\"twitter:label1\" content=\"Tiempo de lectura\" \/>\n\t<meta name=\"twitter:data1\" content=\"6 minutos\" \/>\n<script type=\"application\/ld+json\" class=\"yoast-schema-graph\">{\"@context\":\"https:\\\/\\\/schema.org\",\"@graph\":[{\"@type\":\"WebPage\",\"@id\":\"https:\\\/\\\/bmj.com.br\\\/es\\\/relacoes-governamentais\\\/\",\"url\":\"https:\\\/\\\/bmj.com.br\\\/es\\\/relacoes-governamentais\\\/\",\"name\":\"Rela\u00e7\u00f5es Governamentais - BMJ\",\"isPartOf\":{\"@id\":\"https:\\\/\\\/bmj.com.br\\\/es\\\/#website\"},\"datePublished\":\"2019-04-03T23:01:35+00:00\",\"dateModified\":\"2020-11-23T14:59:41+00:00\",\"breadcrumb\":{\"@id\":\"https:\\\/\\\/bmj.com.br\\\/es\\\/relacoes-governamentais\\\/#breadcrumb\"},\"inLanguage\":\"es\",\"potentialAction\":[{\"@type\":\"ReadAction\",\"target\":[\"https:\\\/\\\/bmj.com.br\\\/es\\\/relacoes-governamentais\\\/\"]}]},{\"@type\":\"BreadcrumbList\",\"@id\":\"https:\\\/\\\/bmj.com.br\\\/es\\\/relacoes-governamentais\\\/#breadcrumb\",\"itemListElement\":[{\"@type\":\"ListItem\",\"position\":1,\"name\":\"Home\",\"item\":\"https:\\\/\\\/bmj.com.br\\\/es\\\/\"},{\"@type\":\"ListItem\",\"position\":2,\"name\":\"Rela\u00e7\u00f5es Governamentais\"}]},{\"@type\":\"WebSite\",\"@id\":\"https:\\\/\\\/bmj.com.br\\\/es\\\/#website\",\"url\":\"https:\\\/\\\/bmj.com.br\\\/es\\\/\",\"name\":\"BMJ\",\"description\":\"Consultores Associados\",\"publisher\":{\"@id\":\"https:\\\/\\\/bmj.com.br\\\/es\\\/#organization\"},\"potentialAction\":[{\"@type\":\"SearchAction\",\"target\":{\"@type\":\"EntryPoint\",\"urlTemplate\":\"https:\\\/\\\/bmj.com.br\\\/es\\\/?s={search_term_string}\"},\"query-input\":{\"@type\":\"PropertyValueSpecification\",\"valueRequired\":true,\"valueName\":\"search_term_string\"}}],\"inLanguage\":\"es\"},{\"@type\":\"Organization\",\"@id\":\"https:\\\/\\\/bmj.com.br\\\/es\\\/#organization\",\"name\":\"BMJ Consultoria\",\"url\":\"https:\\\/\\\/bmj.com.br\\\/es\\\/\",\"logo\":{\"@type\":\"ImageObject\",\"inLanguage\":\"es\",\"@id\":\"https:\\\/\\\/bmj.com.br\\\/es\\\/#\\\/schema\\\/logo\\\/image\\\/\",\"url\":\"\",\"contentUrl\":\"\",\"caption\":\"BMJ Consultoria\"},\"image\":{\"@id\":\"https:\\\/\\\/bmj.com.br\\\/es\\\/#\\\/schema\\\/logo\\\/image\\\/\"},\"sameAs\":[\"https:\\\/\\\/www.facebook.com\\\/BMJAssociados\\\/?ref=ts\",\"https:\\\/\\\/x.com\\\/BMJconsultoria\",\"https:\\\/\\\/www.instagram.com\\\/bmjconsultoria\\\/\",\"https:\\\/\\\/www.linkedin.com\\\/company\\\/bmjconsultoresassociados\\\/?originalSubdomain=br\",\"https:\\\/\\\/www.youtube.com\\\/user\\\/bmjconsultoria\"]}]}<\/script>\n<!-- \/ Yoast SEO plugin. -->","yoast_head_json":{"title":"Rela\u00e7\u00f5es Governamentais - BMJ","robots":{"index":"index","follow":"follow","max-snippet":"max-snippet:-1","max-image-preview":"max-image-preview:large","max-video-preview":"max-video-preview:-1"},"canonical":"https:\/\/bmj.com.br\/es\/relacoes-governamentais\/","og_locale":"es_ES","og_type":"article","og_title":"Rela\u00e7\u00f5es Governamentais - BMJ","og_url":"https:\/\/bmj.com.br\/es\/relacoes-governamentais\/","og_site_name":"BMJ","article_publisher":"https:\/\/www.facebook.com\/BMJAssociados\/?ref=ts","article_modified_time":"2020-11-23T14:59:41+00:00","twitter_card":"summary_large_image","twitter_site":"@BMJconsultoria","twitter_misc":{"Tiempo de lectura":"6 minutos"},"schema":{"@context":"https:\/\/schema.org","@graph":[{"@type":"WebPage","@id":"https:\/\/bmj.com.br\/es\/relacoes-governamentais\/","url":"https:\/\/bmj.com.br\/es\/relacoes-governamentais\/","name":"Rela\u00e7\u00f5es Governamentais - BMJ","isPartOf":{"@id":"https:\/\/bmj.com.br\/es\/#website"},"datePublished":"2019-04-03T23:01:35+00:00","dateModified":"2020-11-23T14:59:41+00:00","breadcrumb":{"@id":"https:\/\/bmj.com.br\/es\/relacoes-governamentais\/#breadcrumb"},"inLanguage":"es","potentialAction":[{"@type":"ReadAction","target":["https:\/\/bmj.com.br\/es\/relacoes-governamentais\/"]}]},{"@type":"BreadcrumbList","@id":"https:\/\/bmj.com.br\/es\/relacoes-governamentais\/#breadcrumb","itemListElement":[{"@type":"ListItem","position":1,"name":"Home","item":"https:\/\/bmj.com.br\/es\/"},{"@type":"ListItem","position":2,"name":"Rela\u00e7\u00f5es Governamentais"}]},{"@type":"WebSite","@id":"https:\/\/bmj.com.br\/es\/#website","url":"https:\/\/bmj.com.br\/es\/","name":"BMJ","description":"Consultores Associados","publisher":{"@id":"https:\/\/bmj.com.br\/es\/#organization"},"potentialAction":[{"@type":"SearchAction","target":{"@type":"EntryPoint","urlTemplate":"https:\/\/bmj.com.br\/es\/?s={search_term_string}"},"query-input":{"@type":"PropertyValueSpecification","valueRequired":true,"valueName":"search_term_string"}}],"inLanguage":"es"},{"@type":"Organization","@id":"https:\/\/bmj.com.br\/es\/#organization","name":"BMJ Consultoria","url":"https:\/\/bmj.com.br\/es\/","logo":{"@type":"ImageObject","inLanguage":"es","@id":"https:\/\/bmj.com.br\/es\/#\/schema\/logo\/image\/","url":"","contentUrl":"","caption":"BMJ Consultoria"},"image":{"@id":"https:\/\/bmj.com.br\/es\/#\/schema\/logo\/image\/"},"sameAs":["https:\/\/www.facebook.com\/BMJAssociados\/?ref=ts","https:\/\/x.com\/BMJconsultoria","https:\/\/www.instagram.com\/bmjconsultoria\/","https:\/\/www.linkedin.com\/company\/bmjconsultoresassociados\/?originalSubdomain=br","https:\/\/www.youtube.com\/user\/bmjconsultoria"]}]}},"_links":{"self":[{"href":"https:\/\/bmj.com.br\/es\/wp-json\/wp\/v2\/pages\/52292","targetHints":{"allow":["GET"]}}],"collection":[{"href":"https:\/\/bmj.com.br\/es\/wp-json\/wp\/v2\/pages"}],"about":[{"href":"https:\/\/bmj.com.br\/es\/wp-json\/wp\/v2\/types\/page"}],"author":[{"embeddable":true,"href":"https:\/\/bmj.com.br\/es\/wp-json\/wp\/v2\/users\/15"}],"replies":[{"embeddable":true,"href":"https:\/\/bmj.com.br\/es\/wp-json\/wp\/v2\/comments?post=52292"}],"version-history":[{"count":15,"href":"https:\/\/bmj.com.br\/es\/wp-json\/wp\/v2\/pages\/52292\/revisions"}],"predecessor-version":[{"id":56627,"href":"https:\/\/bmj.com.br\/es\/wp-json\/wp\/v2\/pages\/52292\/revisions\/56627"}],"wp:attachment":[{"href":"https:\/\/bmj.com.br\/es\/wp-json\/wp\/v2\/media?parent=52292"}],"curies":[{"name":"wp","href":"https:\/\/api.w.org\/{rel}","templated":true}]}}