{"id":52315,"date":"2019-04-03T20:01:35","date_gmt":"2019-04-03T23:01:35","guid":{"rendered":"https:\/\/bmj.com.br\/relacoes-governamentais\/"},"modified":"2020-12-22T15:53:56","modified_gmt":"2020-12-22T18:53:56","slug":"government-relations","status":"publish","type":"page","link":"https:\/\/bmj.com.br\/es\/government-relations\/","title":{"rendered":"Government Relations"},"content":{"rendered":"<div id=\"fws_69df0dc847d5f\"  data-column-margin=\"default\" data-midnight=\"dark\" data-top-percent=\"12%\"  class=\"wpb_row vc_row-fluid vc_row  top_padding_tablet_120px top_padding_phone_120px\"  style=\"padding-top: calc(100vw * 0.12); padding-bottom: 0px; \"><div class=\"row-bg-wrap\" data-bg-animation=\"none\" data-bg-animation-delay=\"\" data-bg-overlay=\"false\"><div class=\"inner-wrap row-bg-layer\" ><div class=\"row-bg viewport-desktop\"  style=\"\"><\/div><\/div><\/div><div class=\"row_col_wrap_12 col span_12 dark left\">\n\t<div  class=\"vc_col-sm-2\/5 vc_hidden-sm vc_hidden-xs wpb_column column_container vc_column_container col no-extra-padding inherit_tablet inherit_phone\"  data-padding-pos=\"all\" data-has-bg-color=\"false\" data-bg-color=\"\" data-bg-opacity=\"1\" data-animation=\"\" data-delay=\"0\" >\n\t\t<div class=\"vc_column-inner\" >\n\t\t\t<div class=\"wpb_wrapper\">\n\t\t\t\t<div class=\"img-with-aniamtion-wrap\" data-max-width=\"75%\" data-max-width-mobile=\"default\" data-shadow=\"none\" data-animation=\"ro-reveal-from-left\" >\n      <div class=\"inner\">\n        <div class=\"hover-wrap\"> \n          <div class=\"hover-wrap-inner\">\n            <img fetchpriority=\"high\" decoding=\"async\" class=\"img-with-animation skip-lazy  nectar-lazy\" data-delay=\"0\" height=\"617\" width=\"438\" data-animation=\"ro-reveal-from-left\" data-nectar-img-src=\"https:\/\/bmj.com.br\/wp-content\/uploads\/2020\/09\/Relac\u0327o\u0303es-Governamentais.jpg\" src=\"data:image\/svg+xml;charset=utf-8,%3Csvg%20xmlns%3D'http%3A%2F%2Fwww.w3.org%2F2000%2Fsvg'%20viewBox%3D'0%200%20438%20617'%2F%3E\" alt=\"\" data-nectar-img-srcset=\"https:\/\/bmj.com.br\/wp-content\/uploads\/2020\/09\/Relac\u0327o\u0303es-Governamentais.jpg 438w, https:\/\/bmj.com.br\/wp-content\/uploads\/2020\/09\/Relac\u0327o\u0303es-Governamentais-121x170.jpg 121w\" sizes=\"(max-width: 438px) 100vw, 438px\" \/>\n          <\/div>\n        <\/div>\n      <\/div>\n    <\/div>\n<div class=\"wpb_text_column wpb_content_element  vc_custom_1602594783778\" >\n\t<div class=\"wpb_wrapper\">\n\t\t<h6>More areas of expertise<\/h6>\n\t<\/div>\n<\/div>\n\n\n\n<div class=\"nectar-cta\" data-color=\"default\" data-using-bg=\"false\" data-style=\"arrow-animation\" data-display=\"block\" data-alignment=\"left\" data-text-color=\"custom\" style=\"margin-top: 10px; \"><h6 style=\"color: #dc9d00;\"><span class=\"link_wrap\" ><a  class=\"link_text\" href=\"\/comercio-internacional\/?lang=en\"><span class=\"text\">International Trade<\/span><svg class=\"next-arrow\" aria-hidden=\"true\" width=\"20px\" height=\"25px\" viewbox=\"0 0 50 80\" xml:space=\"preserve\">\n  <polyline stroke=\"#ffffff\" stroke-width=\"9\" fill=\"none\" stroke-linecap=\"round\" stroke-linejoin=\"round\" points=\"0, 0 45, 40 0, 80\"\/>\n  <\/svg>  <span class=\"line\"  style=\"background-color: #dc9d00;\"><\/span> <\/a><\/span><\/h6><\/div>\n\t\t\t<\/div> \n\t\t<\/div>\n\t<\/div> \n\n\t<div style=\"margin-bottom: 12%; \" class=\"vc_col-sm-3\/5 wpb_column column_container vc_column_container col no-extra-padding inherit_tablet inherit_phone\"  data-padding-pos=\"all\" data-has-bg-color=\"false\" data-bg-color=\"\" data-bg-opacity=\"1\" data-animation=\"\" data-delay=\"0\" >\n\t\t<div class=\"vc_column-inner\" >\n\t\t\t<div class=\"wpb_wrapper\">\n\t\t\t\t\n<div class=\"wpb_text_column wpb_content_element  wpb_animate_when_almost_visible wpb_fadeInUp fadeInUp vc_custom_1602596840644\" >\n\t<div class=\"wpb_wrapper\">\n\t\t<h6 style=\"margin-top: -20px; color: #db9d00;\">Expertise Area<\/h6>\n\t<\/div>\n<\/div>\n\n\n\n\n<div class=\"wpb_text_column wpb_content_element  wpb_animate_when_almost_visible wpb_fadeInUp fadeInUp vc_custom_1602358044021\" >\n\t<div class=\"wpb_wrapper\">\n\t\t<h1 style=\"margin-top: 24%;\">Government Relations<\/h1>\n\t<\/div>\n<\/div>\n\n\n\n\n<div class=\"wpb_text_column wpb_content_element  wpb_animate_when_almost_visible wpb_fadeIn fadeIn vc_custom_1602358080581\" style=\" max-width: 600px; display: inline-block;\">\n\t<div class=\"wpb_wrapper\">\n\t\t<p class=\"p1\"><span class=\"s1\">BMJ believes in adding competitive value to its customers through technical, ethical and qualified work, placing them strategically in the decision-making process of public policies to defend interests.<\/span><\/p>\n\t<\/div>\n<\/div>\n\n\n\n<div class=\"toggles\" data-br=\"\" data-starting=\"default\" data-style=\"minimal\"><div class=\"toggle extra-color-1\" data-inner-wrap=\"true\"><h3 class=\"toggle-title\"><a href=\"#\" class=\"toggle-heading\"><i class=\"fa fa-plus-circle\"><\/i>Performance in the National Congress and Legislative Assemblies<\/a><\/h3><div><div class=\"inner-toggle-wrap\">\n<div class=\"wpb_text_column wpb_content_element\" >\n\t<div class=\"wpb_wrapper\">\n\t\t<ul>\n<li class=\"p1\"><span class=\"s1\">Follow-up, monitoring and engagement in public hearings, legislative proposals and parliamentarians\u00b4 speeches.<\/span><\/li>\n<li class=\"p1\"><span class=\"s1\">Articulation for approval, modification or rejection of bills and provisional measures.<\/span><\/li>\n<li class=\"p1\"><span class=\"s1\">Articulation for the presentation or rejection of legislative proposals that aim to defend interests or that may impact clients&#8217; objectives.<\/span><\/li>\n<li class=\"p1\"><span class=\"s1\">Elaboration of voting map and analysis of vote intentions.<\/span><\/li>\n<li class=\"p1\"><span class=\"s1\">Preparation of technical notes and legislative analyzes on the prospect of approval of proposals.<\/span><\/li>\n<li class=\"p1\"><span class=\"s1\">Monitoring of Special Commissions and Parliamentary Inquiries.<\/span><\/li>\n<li class=\"p1\"><span class=\"s1\">Meetings and work agendas with parliamentarians, leaders, fronts and other stakeholders of interest.<\/span><\/li>\n<li class=\"p1\"><span class=\"s1\">Development of articulation strategies for the defense of interests.<\/span><\/li>\n<li class=\"p1\"><span class=\"s1\">Monitoring party benches and their internal positions on specific topics.<\/span><\/li>\n<\/ul>\n\t<\/div>\n<\/div>\n\n\n\n<\/div><\/div><\/div><div class=\"toggle extra-color-1\" data-inner-wrap=\"true\"><h3 class=\"toggle-title\"><a href=\"#\" class=\"toggle-heading\"><i class=\"fa fa-plus-circle\"><\/i>Defense of Interests in the Executive Branch<\/a><\/h3><div><div class=\"inner-toggle-wrap\">\n<div class=\"wpb_text_column wpb_content_element\" >\n\t<div class=\"wpb_wrapper\">\n\t\t<ul>\n<li class=\"p1\"><span class=\"s1\">Monitoring of all federal and state government publications and actions.<\/span><\/li>\n<li class=\"p1\"><span class=\"s1\">Participation in public policy decision-making directly or via representative entities.<\/span><\/li>\n<li class=\"p1\"><span class=\"s1\">Performance in the process of regulating laws.<\/span><\/li>\n<li class=\"p1\"><span class=\"s1\">Monitoring and performance in regulatory agencies and representation at meetings and events.<\/span><\/li>\n<li class=\"p1\"><span class=\"s1\">Participation in Public Consultations.<\/span><\/li>\n<li class=\"p1\"><span class=\"s1\">Enrollment in government programs and assistance in the license acquisition process.<\/span><\/li>\n<li class=\"p1\"><span class=\"s1\">Strategic analysis to identify financial lines and support for accessing them.<\/span><\/li>\n<li class=\"p1\"><span class=\"s1\">Create and develop a relationship with Executive Branch actors.<\/span><\/li>\n<li class=\"p1\"><span class=\"s1\">Hearing request, preparation of on-site visits.<\/span><\/li>\n<\/ul>\n\t<\/div>\n<\/div>\n\n\n\n<\/div><\/div><\/div><div class=\"toggle extra-color-1\" data-inner-wrap=\"true\"><h3 class=\"toggle-title\"><a href=\"#\" class=\"toggle-heading\"><i class=\"fa fa-plus-circle\"><\/i>Political Risk Analysis<\/a><\/h3><div><div class=\"inner-toggle-wrap\">\n<div class=\"wpb_text_column wpb_content_element\" >\n\t<div class=\"wpb_wrapper\">\n\t\t<ul>\n<li class=\"p1\"><span class=\"s1\">Analysis and elaboration of political and regulatory scenarios.<\/span><\/li>\n<li class=\"p1\"><span class=\"s1\">Daily \/ weekly \/ monthly materials with analysis on the main events in the political world and their impact on business or campaigns.<\/span><\/li>\n<li class=\"p1\"><span class=\"s1\">Reports and studies on political and regulatory risks.<\/span><\/li>\n<li class=\"p1\"><span class=\"s1\">Presentations and lectures on political and economic environments.<\/span><\/li>\n<li class=\"p1\"><span class=\"s1\">Structuring of political risk management strategy.<\/span><\/li>\n<\/ul>\n\t<\/div>\n<\/div>\n\n\n\n<\/div><\/div><\/div><div class=\"toggle extra-color-1\" data-inner-wrap=\"true\"><h3 class=\"toggle-title\"><a href=\"#\" class=\"toggle-heading\"><i class=\"fa fa-plus-circle\"><\/i>Management of the Institutional and Governmental Relations Area<\/a><\/h3><div><div class=\"inner-toggle-wrap\">\n<div class=\"wpb_text_column wpb_content_element\" >\n\t<div class=\"wpb_wrapper\">\n\t\t<ul>\n<li class=\"p1\"><span class=\"s1\">Monitoring of all federal and state government publications and actions.<\/span><\/li>\n<li class=\"p1\"><span class=\"s1\">Participation in public policy decision-making directly or via representative entities.<\/span><\/li>\n<li class=\"p1\"><span class=\"s1\">Performance in the process of regulating laws.<\/span><\/li>\n<li class=\"p1\"><span class=\"s1\">Monitoring and performance in regulatory agencies and representation at meetings and events.<\/span><\/li>\n<li class=\"p1\"><span class=\"s1\">Participation in Public Consultations.<\/span><\/li>\n<li class=\"p1\"><span class=\"s1\">Enrollment in government programs and assistance in the license acquisition process.<\/span><\/li>\n<li class=\"p1\"><span class=\"s1\">Strategic analysis to identify lines of financing and support for access to such financing.<\/span><\/li>\n<li class=\"p1\"><span class=\"s1\">Relationship building with Executive Power actors.<\/span><\/li>\n<li class=\"p1\"><span class=\"s1\">Hearing request, preparation of on-site visits.<\/span><\/li>\n<\/ul>\n\t<\/div>\n<\/div>\n\n\n\n<\/div><\/div><\/div><div class=\"toggle extra-color-1\" data-inner-wrap=\"true\"><h3 class=\"toggle-title\"><a href=\"#\" class=\"toggle-heading\"><i class=\"fa fa-plus-circle\"><\/i>Strategic Communication<\/a><\/h3><div><div class=\"inner-toggle-wrap\">\n<div class=\"wpb_text_column wpb_content_element\" >\n\t<div class=\"wpb_wrapper\">\n\t\t<ul>\n<li class=\"p1\"><span class=\"s1\">Monitoring of all federal and state government publications and actions.<\/span><\/li>\n<li class=\"p1\"><span class=\"s1\">Participation in public policy decision-making directly or via representative entities.<\/span><\/li>\n<li class=\"p1\"><span class=\"s1\">Performance in the process of regulating laws.<\/span><\/li>\n<li class=\"p1\"><span class=\"s1\">Monitoring and performance in regulatory agencies and representation at meetings and events.<\/span><\/li>\n<li class=\"p1\"><span class=\"s1\">Participation in Public Consultations.<\/span><\/li>\n<li class=\"p1\"><span class=\"s1\">Enrollment in government programs and assistance in the license acquisition process.<\/span><\/li>\n<li class=\"p1\"><span class=\"s1\">Strategic analysis to identify lines of financing and support for access to such financing.<\/span><\/li>\n<li class=\"p1\"><span class=\"s1\">Relationship building with Executive Power actors.<\/span><\/li>\n<li class=\"p1\"><span class=\"s1\">Hearing request, preparation of on-site visits.<\/span><\/li>\n<\/ul>\n\t<\/div>\n<\/div>\n\n\n\n<\/div><\/div><\/div><div class=\"toggle extra-color-1\" data-inner-wrap=\"true\"><h3 class=\"toggle-title\"><a href=\"#\" class=\"toggle-heading\"><i class=\"fa fa-plus-circle\"><\/i>Political Crisis Management<\/a><\/h3><div><div class=\"inner-toggle-wrap\">\n<div class=\"wpb_text_column wpb_content_element\" >\n\t<div class=\"wpb_wrapper\">\n\t\t<ul>\n<li class=\"p1\"><span class=\"s1\">Vulnerability audit to correct any flaws.<\/span><\/li>\n<li class=\"p1\"><span class=\"s1\">Contingency plan for emergency situations.<\/span><\/li>\n<li class=\"p1\"><span class=\"s1\">Crisis Committee implementation.<\/span><\/li>\n<li class=\"p1\"><span class=\"s1\">Media training.<\/span><\/li>\n<li class=\"p1\"><span class=\"s1\">Defining a strategy to respond the media and stakeholders, as well as positioning social networks.<\/span><\/li>\n<li class=\"p1\"><span class=\"s1\">Definition of spokesperson and preparation for participation in commissions.<\/span><\/li>\n<li class=\"p1\"><span class=\"s1\">Preparation for participation in public hearings.<\/span><\/li>\n<li class=\"p1\"><span class=\"s1\">Defense strategies in the event of attacks by parliamentarians on the sector \/ company.<\/span><\/li>\n<li class=\"p1\"><span class=\"s1\">Post-crisis recovery and establishment of a positive agenda.<\/span><\/li>\n<\/ul>\n\t<\/div>\n<\/div>\n\n\n\n<\/div><\/div><\/div><div class=\"toggle extra-color-1\" data-inner-wrap=\"true\"><h3 class=\"toggle-title\"><a href=\"#\" class=\"toggle-heading\"><i class=\"fa fa-plus-circle\"><\/i>Regulatory Intelligence<\/a><\/h3><div><div class=\"inner-toggle-wrap\">\n<div class=\"wpb_text_column wpb_content_element\" >\n\t<div class=\"wpb_wrapper\">\n\t\t<ul>\n<li>Elaboration of a viability study for framing products according to the legislation of the National Health Surveillance Agency (Anvisa), the Ministry of Health (MS) and the Ministry of Agriculture, Livestock and Supply (Mapa).<\/li>\n<li>Answers to questions and interpretations of legal requirements.<\/li>\n<li>Previous analysis of advertising material and product labels, checking possible risks of assessment.<\/li>\n<li>Regulatory Risk Analysis (regulatory change control \/ compliance).<\/li>\n<li>Assistance for scheduling meetings at Anvisa and Mapa.<\/li>\n<li>Mapping the main laws that have an impact on the company.<\/li>\n<li>Preparation and monitoring processes for obtaining import and export licenses<\/li>\n<\/ul>\n\t<\/div>\n<\/div>\n\n\n\n<\/div><\/div><\/div><\/div>\n\n\n\n\n\n\n\n\n\n\n\n\n\n\n\n\n\n\n\n\n\t\t\t<\/div> \n\t\t<\/div>\n\t<\/div> \n<\/div><\/div>\n\t\t<div id=\"fws_69df0dc849be6\"  data-column-margin=\"default\" data-midnight=\"dark\"  class=\"wpb_row vc_row-fluid vc_row  bottom_padding_tablet_120px bottom_padding_phone_120px\"  style=\"padding-top: 0px; padding-bottom: 0px; \"><div class=\"row-bg-wrap\" data-bg-animation=\"none\" data-bg-animation-delay=\"\" data-bg-overlay=\"false\"><div class=\"inner-wrap row-bg-layer\" ><div class=\"row-bg viewport-desktop\"  style=\"\"><\/div><\/div><\/div><div class=\"row_col_wrap_12 col span_12 dark left\">\n\t<div  class=\"vc_col-sm-12 vc_hidden-lg vc_hidden-md wpb_column column_container vc_column_container col no-extra-padding inherit_tablet inherit_phone\"  data-padding-pos=\"all\" data-has-bg-color=\"false\" data-bg-color=\"\" data-bg-opacity=\"1\" data-animation=\"\" data-delay=\"0\" >\n\t\t<div class=\"vc_column-inner\" >\n\t\t\t<div class=\"wpb_wrapper\">\n\t\t\t\t<div class=\"img-with-aniamtion-wrap\" data-max-width=\"100%\" data-max-width-mobile=\"default\" data-shadow=\"none\" data-animation=\"none\" >\n      <div class=\"inner\">\n        <div class=\"hover-wrap\"> \n          <div class=\"hover-wrap-inner\">\n            <img decoding=\"async\" class=\"img-with-animation skip-lazy  nectar-lazy\" data-delay=\"0\" height=\"617\" width=\"438\" data-animation=\"none\" data-nectar-img-src=\"https:\/\/bmj.com.br\/wp-content\/uploads\/2020\/09\/Relac\u0327o\u0303es-Governamentais.jpg\" src=\"data:image\/svg+xml;charset=utf-8,%3Csvg%20xmlns%3D'http%3A%2F%2Fwww.w3.org%2F2000%2Fsvg'%20viewBox%3D'0%200%20438%20617'%2F%3E\" alt=\"\" data-nectar-img-srcset=\"https:\/\/bmj.com.br\/wp-content\/uploads\/2020\/09\/Relac\u0327o\u0303es-Governamentais.jpg 438w, https:\/\/bmj.com.br\/wp-content\/uploads\/2020\/09\/Relac\u0327o\u0303es-Governamentais-121x170.jpg 121w\" sizes=\"(max-width: 438px) 100vw, 438px\" \/>\n          <\/div>\n        <\/div>\n      <\/div>\n    <\/div>\n<div class=\"wpb_text_column wpb_content_element  vc_custom_1594168051824\" >\n\t<div class=\"wpb_wrapper\">\n\t\t<h6>Mais \u00e1reas de atua\u00e7\u00e3o<\/h6>\n\t<\/div>\n<\/div>\n\n\n\n<div class=\"nectar-cta\" data-color=\"default\" data-using-bg=\"false\" data-style=\"arrow-animation\" data-display=\"block\" data-alignment=\"left\" data-text-color=\"custom\" style=\"margin-top: 10px; \"><h6 style=\"color: #dc9d00;\"><span class=\"link_wrap\" ><a  class=\"link_text\" href=\"\/comercio-internacional\/\"><span class=\"text\">Comercio internacional<\/span><svg class=\"next-arrow\" aria-hidden=\"true\" width=\"20px\" height=\"25px\" viewbox=\"0 0 50 80\" xml:space=\"preserve\">\n  <polyline stroke=\"#ffffff\" stroke-width=\"9\" fill=\"none\" stroke-linecap=\"round\" stroke-linejoin=\"round\" points=\"0, 0 45, 40 0, 80\"\/>\n  <\/svg>  <span class=\"line\"  style=\"background-color: #dc9d00;\"><\/span> <\/a><\/span><\/h6><\/div>\n\t\t\t<\/div> \n\t\t<\/div>\n\t<\/div> \n<\/div><\/div>","protected":false},"excerpt":{"rendered":"More areas of expertise International Trade Expertise Area Government Relations BMJ believes in adding competitive value to its customers through technical, ethical and qualified work, placing them strategically in the...","protected":false},"author":15,"featured_media":0,"parent":0,"menu_order":0,"comment_status":"closed","ping_status":"closed","template":"","meta":{"_acf_changed":false,"_exactmetrics_skip_tracking":false,"_exactmetrics_sitenote_active":false,"_exactmetrics_sitenote_note":"","_exactmetrics_sitenote_category":0,"footnotes":""},"class_list":["post-52315","page","type-page","status-publish"],"acf":[],"yoast_head":"<!-- This site is optimized with the Yoast SEO plugin v27.1.1 - https:\/\/yoast.com\/product\/yoast-seo-wordpress\/ -->\n<title>Government Relations - BMJ<\/title>\n<meta name=\"robots\" content=\"index, follow, max-snippet:-1, max-image-preview:large, max-video-preview:-1\" \/>\n<link rel=\"canonical\" href=\"https:\/\/bmj.com.br\/es\/government-relations\/\" \/>\n<meta property=\"og:locale\" content=\"es_ES\" \/>\n<meta property=\"og:type\" content=\"article\" \/>\n<meta property=\"og:title\" content=\"Government Relations - BMJ\" \/>\n<meta property=\"og:url\" content=\"https:\/\/bmj.com.br\/es\/government-relations\/\" \/>\n<meta property=\"og:site_name\" content=\"BMJ\" \/>\n<meta property=\"article:publisher\" content=\"https:\/\/www.facebook.com\/BMJAssociados\/?ref=ts\" \/>\n<meta property=\"article:modified_time\" content=\"2020-12-22T18:53:56+00:00\" \/>\n<meta name=\"twitter:card\" content=\"summary_large_image\" \/>\n<meta name=\"twitter:site\" content=\"@BMJconsultoria\" \/>\n<meta name=\"twitter:label1\" content=\"Tiempo de lectura\" \/>\n\t<meta name=\"twitter:data1\" content=\"6 minutos\" \/>\n<script type=\"application\/ld+json\" class=\"yoast-schema-graph\">{\"@context\":\"https:\/\/schema.org\",\"@graph\":[{\"@type\":\"WebPage\",\"@id\":\"https:\/\/bmj.com.br\/government-relations\/\",\"url\":\"https:\/\/bmj.com.br\/government-relations\/\",\"name\":\"Government Relations - BMJ\",\"isPartOf\":{\"@id\":\"https:\/\/bmj.com.br\/#website\"},\"datePublished\":\"2019-04-03T23:01:35+00:00\",\"dateModified\":\"2020-12-22T18:53:56+00:00\",\"breadcrumb\":{\"@id\":\"https:\/\/bmj.com.br\/government-relations\/#breadcrumb\"},\"inLanguage\":\"es\",\"potentialAction\":[{\"@type\":\"ReadAction\",\"target\":[\"https:\/\/bmj.com.br\/government-relations\/\"]}]},{\"@type\":\"BreadcrumbList\",\"@id\":\"https:\/\/bmj.com.br\/government-relations\/#breadcrumb\",\"itemListElement\":[{\"@type\":\"ListItem\",\"position\":1,\"name\":\"Home\",\"item\":\"https:\/\/bmj.com.br\/\"},{\"@type\":\"ListItem\",\"position\":2,\"name\":\"Government Relations\"}]},{\"@type\":\"WebSite\",\"@id\":\"https:\/\/bmj.com.br\/#website\",\"url\":\"https:\/\/bmj.com.br\/\",\"name\":\"BMJ\",\"description\":\"Consultores Associados\",\"publisher\":{\"@id\":\"https:\/\/bmj.com.br\/#organization\"},\"potentialAction\":[{\"@type\":\"SearchAction\",\"target\":{\"@type\":\"EntryPoint\",\"urlTemplate\":\"https:\/\/bmj.com.br\/?s={search_term_string}\"},\"query-input\":{\"@type\":\"PropertyValueSpecification\",\"valueRequired\":true,\"valueName\":\"search_term_string\"}}],\"inLanguage\":\"es\"},{\"@type\":\"Organization\",\"@id\":\"https:\/\/bmj.com.br\/#organization\",\"name\":\"BMJ Consultoria\",\"url\":\"https:\/\/bmj.com.br\/\",\"logo\":{\"@type\":\"ImageObject\",\"inLanguage\":\"es\",\"@id\":\"https:\/\/bmj.com.br\/#\/schema\/logo\/image\/\",\"url\":\"\",\"contentUrl\":\"\",\"caption\":\"BMJ Consultoria\"},\"image\":{\"@id\":\"https:\/\/bmj.com.br\/#\/schema\/logo\/image\/\"},\"sameAs\":[\"https:\/\/www.facebook.com\/BMJAssociados\/?ref=ts\",\"https:\/\/x.com\/BMJconsultoria\",\"https:\/\/www.instagram.com\/bmjconsultoria\/\",\"https:\/\/www.linkedin.com\/company\/bmjconsultoresassociados\/?originalSubdomain=br\",\"https:\/\/www.youtube.com\/user\/bmjconsultoria\"]}]}<\/script>\n<!-- \/ Yoast SEO plugin. -->","yoast_head_json":{"title":"Government Relations - BMJ","robots":{"index":"index","follow":"follow","max-snippet":"max-snippet:-1","max-image-preview":"max-image-preview:large","max-video-preview":"max-video-preview:-1"},"canonical":"https:\/\/bmj.com.br\/es\/government-relations\/","og_locale":"es_ES","og_type":"article","og_title":"Government Relations - BMJ","og_url":"https:\/\/bmj.com.br\/es\/government-relations\/","og_site_name":"BMJ","article_publisher":"https:\/\/www.facebook.com\/BMJAssociados\/?ref=ts","article_modified_time":"2020-12-22T18:53:56+00:00","twitter_card":"summary_large_image","twitter_site":"@BMJconsultoria","twitter_misc":{"Tiempo de lectura":"6 minutos"},"schema":{"@context":"https:\/\/schema.org","@graph":[{"@type":"WebPage","@id":"https:\/\/bmj.com.br\/government-relations\/","url":"https:\/\/bmj.com.br\/government-relations\/","name":"Government Relations - BMJ","isPartOf":{"@id":"https:\/\/bmj.com.br\/#website"},"datePublished":"2019-04-03T23:01:35+00:00","dateModified":"2020-12-22T18:53:56+00:00","breadcrumb":{"@id":"https:\/\/bmj.com.br\/government-relations\/#breadcrumb"},"inLanguage":"es","potentialAction":[{"@type":"ReadAction","target":["https:\/\/bmj.com.br\/government-relations\/"]}]},{"@type":"BreadcrumbList","@id":"https:\/\/bmj.com.br\/government-relations\/#breadcrumb","itemListElement":[{"@type":"ListItem","position":1,"name":"Home","item":"https:\/\/bmj.com.br\/"},{"@type":"ListItem","position":2,"name":"Government Relations"}]},{"@type":"WebSite","@id":"https:\/\/bmj.com.br\/#website","url":"https:\/\/bmj.com.br\/","name":"BMJ","description":"Consultores Associados","publisher":{"@id":"https:\/\/bmj.com.br\/#organization"},"potentialAction":[{"@type":"SearchAction","target":{"@type":"EntryPoint","urlTemplate":"https:\/\/bmj.com.br\/?s={search_term_string}"},"query-input":{"@type":"PropertyValueSpecification","valueRequired":true,"valueName":"search_term_string"}}],"inLanguage":"es"},{"@type":"Organization","@id":"https:\/\/bmj.com.br\/#organization","name":"BMJ Consultoria","url":"https:\/\/bmj.com.br\/","logo":{"@type":"ImageObject","inLanguage":"es","@id":"https:\/\/bmj.com.br\/#\/schema\/logo\/image\/","url":"","contentUrl":"","caption":"BMJ Consultoria"},"image":{"@id":"https:\/\/bmj.com.br\/#\/schema\/logo\/image\/"},"sameAs":["https:\/\/www.facebook.com\/BMJAssociados\/?ref=ts","https:\/\/x.com\/BMJconsultoria","https:\/\/www.instagram.com\/bmjconsultoria\/","https:\/\/www.linkedin.com\/company\/bmjconsultoresassociados\/?originalSubdomain=br","https:\/\/www.youtube.com\/user\/bmjconsultoria"]}]}},"_links":{"self":[{"href":"https:\/\/bmj.com.br\/es\/wp-json\/wp\/v2\/pages\/52315","targetHints":{"allow":["GET"]}}],"collection":[{"href":"https:\/\/bmj.com.br\/es\/wp-json\/wp\/v2\/pages"}],"about":[{"href":"https:\/\/bmj.com.br\/es\/wp-json\/wp\/v2\/types\/page"}],"author":[{"embeddable":true,"href":"https:\/\/bmj.com.br\/es\/wp-json\/wp\/v2\/users\/15"}],"replies":[{"embeddable":true,"href":"https:\/\/bmj.com.br\/es\/wp-json\/wp\/v2\/comments?post=52315"}],"version-history":[{"count":9,"href":"https:\/\/bmj.com.br\/es\/wp-json\/wp\/v2\/pages\/52315\/revisions"}],"predecessor-version":[{"id":56719,"href":"https:\/\/bmj.com.br\/es\/wp-json\/wp\/v2\/pages\/52315\/revisions\/56719"}],"wp:attachment":[{"href":"https:\/\/bmj.com.br\/es\/wp-json\/wp\/v2\/media?parent=52315"}],"curies":[{"name":"wp","href":"https:\/\/api.w.org\/{rel}","templated":true}]}}