{"id":52528,"date":"2019-05-23T12:10:43","date_gmt":"2019-05-23T15:10:43","guid":{"rendered":"https:\/\/bmj.com.br\/?page_id=52528"},"modified":"2026-02-19T10:43:35","modified_gmt":"2026-02-19T13:43:35","slug":"canal-de-etica","status":"publish","type":"page","link":"https:\/\/bmj.com.br\/es\/canal-de-etica\/","title":{"rendered":"Canal de \u00c9tica"},"content":{"rendered":"<div id=\"fws_69e5f15d0eb46\"  data-column-margin=\"90px\" data-midnight=\"dark\" data-top-percent=\"12%\"  class=\"wpb_row vc_row-fluid vc_row  top_padding_tablet_140px top_padding_phone_140px\"  style=\"padding-top: calc(100vw * 0.12); padding-bottom: 0px; \"><div class=\"row-bg-wrap\" data-bg-animation=\"none\" data-bg-animation-delay=\"\" data-bg-overlay=\"false\"><div class=\"inner-wrap row-bg-layer\" ><div class=\"row-bg viewport-desktop\"  style=\"\"><\/div><\/div><\/div><div class=\"row_col_wrap_12 col span_12 dark left\">\n\t<div  class=\"vc_col-sm-4 wpb_column column_container vc_column_container col no-extra-padding inherit_tablet inherit_phone\"  data-padding-pos=\"all\" data-has-bg-color=\"false\" data-bg-color=\"\" data-bg-opacity=\"1\" data-animation=\"\" data-delay=\"0\" >\n\t\t<div class=\"vc_column-inner\" >\n\t\t\t<div class=\"wpb_wrapper\">\n\t\t\t\t<div class=\"img-with-aniamtion-wrap\" data-max-width=\"100%\" data-max-width-mobile=\"default\" data-shadow=\"none\" data-animation=\"ro-reveal-from-left\" >\n      <div class=\"inner\">\n        <div class=\"hover-wrap\"> \n          <div class=\"hover-wrap-inner\">\n            <img fetchpriority=\"high\" decoding=\"async\" class=\"img-with-animation skip-lazy image-ethics\" data-delay=\"0\" height=\"700\" width=\"386\" data-animation=\"ro-reveal-from-left\" src=\"https:\/\/bmj.com.br\/wp-content\/uploads\/2020\/09\/shaking-hands.jpg\" alt=\"\" srcset=\"https:\/\/bmj.com.br\/wp-content\/uploads\/2020\/09\/shaking-hands.jpg 386w, https:\/\/bmj.com.br\/wp-content\/uploads\/2020\/09\/shaking-hands-94x170.jpg 94w\" sizes=\"(max-width: 386px) 100vw, 386px\" \/>\n          <\/div>\n        <\/div>\n      <\/div>\n    <\/div>\n\t\t\t<\/div> \n\t\t<\/div>\n\t<\/div> \n\n\t<div style=\"margin-top: 12%; \" class=\"vc_col-sm-8 wpb_column column_container vc_column_container col no-extra-padding left_margin_0px top_margin_tablet_0px top_margin_phone_0px inherit_tablet inherit_phone\"  data-padding-pos=\"all\" data-has-bg-color=\"false\" data-bg-color=\"\" data-bg-opacity=\"1\" data-animation=\"\" data-delay=\"0\" >\n\t\t<div class=\"vc_column-inner\" >\n\t\t\t<div class=\"wpb_wrapper\">\n\t\t\t\t<div class=\"nectar-split-heading\" data-align=\"default\" data-m-align=\"inherit\" data-text-effect=\"default\" data-animation-type=\"default\" data-animation-delay=\"0\" data-animation-offset=\"\" data-m-rm-animation=\"\" data-stagger=\"\" data-custom-font-size=\"false\" ><div class=\"heading-line\" > <div><h1>Canal de \u00c9tica<\/h1> <\/div> <\/div><\/div>\n<div class=\"wpb_text_column wpb_content_element  vc_custom_1771508612541\" style=\" max-width: 600px; display: inline-block;\">\n\t<div class=\"wpb_wrapper\">\n\t\t<h4 class=\"p1\"><span class=\"s1\">Para fazer um relato, utilize o bot\u00e3o abaixo:<\/span><\/h4>\n\t<\/div>\n<\/div>\n\n\n\n<a class=\"nectar-button jumbo regular extra-color-1  regular-button send-a-reply\"  style=\"margin-top: 32px; margin-bottom: 72px; color: #ffffff; background-color: #1b222f;\" target=\"_blank\" href=\"https:\/\/bmjconsultoresassociados.becompliance.com\/canal-etica\/canal-denuncias\" data-color-override=\"#1b222f\" data-hover-color-override=\"false\" data-hover-text-color-override=\"#fff\"><span>Hacer un informe<\/span><\/a><div class=\"nectar-scrolling-text font_size_40px\" data-style=\"text_outline\" data-s-dir=\"rtl\" data-spacing=\"false\" data-outline-thickness=\"thin\" data-s-speed=\"slow\" data-overflow=\"visible\" ><div class=\"nectar-scrolling-text-inner\" style=\"color: #cccccc;\">\n<h1>Transparencia  \u2022  Cumplimiento normativo  \u2022  Pol\u00edtica anticorrupci\u00f3n  \u2022<span>&nbsp;<\/span><\/h1>\n\n<h1>Transparencia  \u2022  Cumplimiento normativo  \u2022  Pol\u00edtica anticorrupci\u00f3n  \u2022<span>&nbsp;<\/span><\/h1>\n\n<h1>Transparencia  \u2022  Cumplimiento normativo  \u2022  Pol\u00edtica anticorrupci\u00f3n  \u2022<span>&nbsp;<\/span><\/h1>\n\n<h1>Transparencia  \u2022  Cumplimiento normativo  \u2022  Pol\u00edtica anticorrupci\u00f3n  \u2022<span>&nbsp;<\/span><\/h1>\n<\/div><\/div>\n\t\t\t<\/div> \n\t\t<\/div>\n\t<\/div> \n<\/div><\/div>\n\t\t<div id=\"fws_69e5f15d0f825\"  data-column-margin=\"60px\" data-midnight=\"dark\" data-top-percent=\"8%\" data-bottom-percent=\"12%\"  class=\"wpb_row vc_row-fluid vc_row full-width-section  right_padding_0px\"  style=\"padding-top: calc(100vw * 0.08); padding-bottom: calc(100vw * 0.12); \"><div class=\"row-bg-wrap\" data-bg-animation=\"none\" data-bg-animation-delay=\"\" data-bg-overlay=\"true\"><div class=\"inner-wrap row-bg-layer\" ><div class=\"row-bg viewport-desktop using-bg-color\"  style=\"background-color: #f1f2f5; \"><\/div><\/div><div class=\"row-bg-overlay row-bg-layer\" style=\"background-color:#f1f2f5;  opacity: 0.3; \"><\/div><\/div><div class=\"row_col_wrap_12 col span_12 dark left\">\n\t<div  class=\"vc_col-sm-6 wpb_column column_container vc_column_container col no-extra-padding inherit_tablet inherit_phone\"  data-padding-pos=\"all\" data-has-bg-color=\"false\" data-bg-color=\"\" data-bg-opacity=\"1\" data-animation=\"\" data-delay=\"0\" >\n\t\t<div class=\"vc_column-inner\" >\n\t\t\t<div class=\"wpb_wrapper\">\n\t\t\t\t\n<div class=\"wpb_text_column wpb_content_element\" >\n\t<div class=\"wpb_wrapper\">\n\t\t<p class=\"p1\"><span class=\"s1\">BMJ valora la transparencia en su relaci\u00f3n con entidades privadas y p\u00fablicas y busca estar siempre a la vanguardia para brindar seguridad a sus consultores y clientes con las mejores pr\u00e1cticas de cumplimiento normativo.<\/span><\/p>\n<p class=\"p1\"><span class=\"s1\">Para ello, hemos creado el Canal de \u00c9tica de BMJ. En \u00e9l, podr\u00e1 denunciar de forma an\u00f3nima cualquier posible acto cometido por consultores de BMJ que infrinja nuestro C\u00f3digo de \u00c9tica y Cumplimiento o la legislaci\u00f3n de la Pol\u00edtica Anticorrupci\u00f3n.<\/span><\/p>\n\t<\/div>\n<\/div>\n\n\n\n\n\t\t\t<\/div> \n\t\t<\/div>\n\t<\/div> \n\n\t<div  class=\"vc_col-sm-6 wpb_column column_container vc_column_container col no-extra-padding inherit_tablet inherit_phone\"  data-padding-pos=\"all\" data-has-bg-color=\"false\" data-bg-color=\"\" data-bg-opacity=\"1\" data-animation=\"\" data-delay=\"0\" >\n\t\t<div class=\"vc_column-inner\" >\n\t\t\t<div class=\"wpb_wrapper\">\n\t\t\t\t\n<div class=\"wpb_text_column wpb_content_element\" >\n\t<div class=\"wpb_wrapper\">\n\t\t<p class=\"p1\"><span class=\"s1\">Las denuncias pueden ser presentadas tanto por empleados de BMJ como por terceros que deseen aclarar dudas, inquietudes o presentar quejas sobre posibles infracciones. El Comit\u00e9 de \u00c9tica de BMJ investigar\u00e1 las cuestiones enviadas y el denunciante podr\u00e1 seguir de forma an\u00f3nima la evoluci\u00f3n de su caso. Cabe destacar que toda la informaci\u00f3n ser\u00e1 auditada por Legal \u00c9tica, una empresa de consultor\u00eda especializada en \u00e9tica y cumplimiento normativo.<\/span><\/p>\n\t<\/div>\n<\/div>\n\n\n\n\n\t\t\t<\/div> \n\t\t<\/div>\n\t<\/div> \n<\/div><\/div>","protected":false},"excerpt":{"rendered":"Canal de \u00c9tica Para fazer um relato, utilize o bot\u00e3o abaixo: Fazer um relato Transpar\u00eancia\u00a0 \u2022\u00a0 Compliance\u00a0 \u2022\u00a0 Pol\u00edtica Anticorrup\u00e7\u00e3o\u00a0 \u2022&nbsp; Transpar\u00eancia\u00a0 \u2022\u00a0 Compliance\u00a0 \u2022\u00a0 Pol\u00edtica Anticorrup\u00e7\u00e3o\u00a0 \u2022&nbsp; Transpar\u00eancia\u00a0 \u2022\u00a0...","protected":false},"author":15,"featured_media":50921,"parent":0,"menu_order":0,"comment_status":"closed","ping_status":"closed","template":"","meta":{"_acf_changed":false,"_exactmetrics_skip_tracking":false,"_exactmetrics_sitenote_active":false,"_exactmetrics_sitenote_note":"","_exactmetrics_sitenote_category":0,"footnotes":""},"class_list":["post-52528","page","type-page","status-publish","has-post-thumbnail"],"acf":[],"yoast_head":"<!-- This site is optimized with the Yoast SEO plugin v27.1.1 - https:\/\/yoast.com\/product\/yoast-seo-wordpress\/ -->\n<title>Canal de \u00c9tica - BMJ<\/title>\n<meta name=\"robots\" content=\"index, follow, max-snippet:-1, max-image-preview:large, max-video-preview:-1\" \/>\n<link rel=\"canonical\" href=\"https:\/\/bmj.com.br\/es\/canal-de-etica\/\" \/>\n<meta property=\"og:locale\" content=\"es_ES\" \/>\n<meta property=\"og:type\" content=\"article\" \/>\n<meta property=\"og:title\" content=\"Canal de \u00c9tica - BMJ\" \/>\n<meta property=\"og:url\" content=\"https:\/\/bmj.com.br\/es\/canal-de-etica\/\" \/>\n<meta property=\"og:site_name\" content=\"BMJ\" \/>\n<meta property=\"article:publisher\" content=\"https:\/\/www.facebook.com\/BMJAssociados\/?ref=ts\" \/>\n<meta property=\"article:modified_time\" content=\"2026-02-19T13:43:35+00:00\" \/>\n<meta property=\"og:image\" content=\"https:\/\/bmj.com.br\/wp-content\/uploads\/2017\/08\/Logo-BMJ-branca-fundopreto2.png\" \/>\n\t<meta property=\"og:image:width\" content=\"620\" \/>\n\t<meta property=\"og:image:height\" content=\"571\" \/>\n\t<meta property=\"og:image:type\" content=\"image\/png\" \/>\n<meta name=\"twitter:card\" content=\"summary_large_image\" \/>\n<meta name=\"twitter:site\" content=\"@BMJconsultoria\" \/>\n<meta name=\"twitter:label1\" content=\"Tiempo de lectura\" \/>\n\t<meta name=\"twitter:data1\" content=\"3 minutos\" \/>\n<script type=\"application\/ld+json\" class=\"yoast-schema-graph\">{\"@context\":\"https:\/\/schema.org\",\"@graph\":[{\"@type\":\"WebPage\",\"@id\":\"https:\/\/bmj.com.br\/es\/canal-de-etica\/\",\"url\":\"https:\/\/bmj.com.br\/es\/canal-de-etica\/\",\"name\":\"Canal de \u00c9tica - BMJ\",\"isPartOf\":{\"@id\":\"https:\/\/bmj.com.br\/es\/#website\"},\"primaryImageOfPage\":{\"@id\":\"https:\/\/bmj.com.br\/es\/canal-de-etica\/#primaryimage\"},\"image\":{\"@id\":\"https:\/\/bmj.com.br\/es\/canal-de-etica\/#primaryimage\"},\"thumbnailUrl\":\"https:\/\/bmj.com.br\/wp-content\/uploads\/2017\/08\/Logo-BMJ-branca-fundopreto2.png\",\"datePublished\":\"2019-05-23T15:10:43+00:00\",\"dateModified\":\"2026-02-19T13:43:35+00:00\",\"breadcrumb\":{\"@id\":\"https:\/\/bmj.com.br\/es\/canal-de-etica\/#breadcrumb\"},\"inLanguage\":\"es\",\"potentialAction\":[{\"@type\":\"ReadAction\",\"target\":[\"https:\/\/bmj.com.br\/es\/canal-de-etica\/\"]}]},{\"@type\":\"ImageObject\",\"inLanguage\":\"es\",\"@id\":\"https:\/\/bmj.com.br\/es\/canal-de-etica\/#primaryimage\",\"url\":\"https:\/\/bmj.com.br\/wp-content\/uploads\/2017\/08\/Logo-BMJ-branca-fundopreto2.png\",\"contentUrl\":\"https:\/\/bmj.com.br\/wp-content\/uploads\/2017\/08\/Logo-BMJ-branca-fundopreto2.png\",\"width\":620,\"height\":571,\"caption\":\"Logo-BMJ-branca-fundopreto2\"},{\"@type\":\"BreadcrumbList\",\"@id\":\"https:\/\/bmj.com.br\/es\/canal-de-etica\/#breadcrumb\",\"itemListElement\":[{\"@type\":\"ListItem\",\"position\":1,\"name\":\"Home\",\"item\":\"https:\/\/bmj.com.br\/es\/\"},{\"@type\":\"ListItem\",\"position\":2,\"name\":\"Canal de \u00c9tica\"}]},{\"@type\":\"WebSite\",\"@id\":\"https:\/\/bmj.com.br\/es\/#website\",\"url\":\"https:\/\/bmj.com.br\/es\/\",\"name\":\"BMJ\",\"description\":\"Consultores Associados\",\"publisher\":{\"@id\":\"https:\/\/bmj.com.br\/es\/#organization\"},\"potentialAction\":[{\"@type\":\"SearchAction\",\"target\":{\"@type\":\"EntryPoint\",\"urlTemplate\":\"https:\/\/bmj.com.br\/es\/?s={search_term_string}\"},\"query-input\":{\"@type\":\"PropertyValueSpecification\",\"valueRequired\":true,\"valueName\":\"search_term_string\"}}],\"inLanguage\":\"es\"},{\"@type\":\"Organization\",\"@id\":\"https:\/\/bmj.com.br\/es\/#organization\",\"name\":\"BMJ Consultoria\",\"url\":\"https:\/\/bmj.com.br\/es\/\",\"logo\":{\"@type\":\"ImageObject\",\"inLanguage\":\"es\",\"@id\":\"https:\/\/bmj.com.br\/es\/#\/schema\/logo\/image\/\",\"url\":\"\",\"contentUrl\":\"\",\"caption\":\"BMJ Consultoria\"},\"image\":{\"@id\":\"https:\/\/bmj.com.br\/es\/#\/schema\/logo\/image\/\"},\"sameAs\":[\"https:\/\/www.facebook.com\/BMJAssociados\/?ref=ts\",\"https:\/\/x.com\/BMJconsultoria\",\"https:\/\/www.instagram.com\/bmjconsultoria\/\",\"https:\/\/www.linkedin.com\/company\/bmjconsultoresassociados\/?originalSubdomain=br\",\"https:\/\/www.youtube.com\/user\/bmjconsultoria\"]}]}<\/script>\n<!-- \/ Yoast SEO plugin. -->","yoast_head_json":{"title":"Canal de \u00c9tica - BMJ","robots":{"index":"index","follow":"follow","max-snippet":"max-snippet:-1","max-image-preview":"max-image-preview:large","max-video-preview":"max-video-preview:-1"},"canonical":"https:\/\/bmj.com.br\/es\/canal-de-etica\/","og_locale":"es_ES","og_type":"article","og_title":"Canal de \u00c9tica - BMJ","og_url":"https:\/\/bmj.com.br\/es\/canal-de-etica\/","og_site_name":"BMJ","article_publisher":"https:\/\/www.facebook.com\/BMJAssociados\/?ref=ts","article_modified_time":"2026-02-19T13:43:35+00:00","og_image":[{"width":620,"height":571,"url":"https:\/\/bmj.com.br\/wp-content\/uploads\/2017\/08\/Logo-BMJ-branca-fundopreto2.png","type":"image\/png"}],"twitter_card":"summary_large_image","twitter_site":"@BMJconsultoria","twitter_misc":{"Tiempo de lectura":"3 minutos"},"schema":{"@context":"https:\/\/schema.org","@graph":[{"@type":"WebPage","@id":"https:\/\/bmj.com.br\/es\/canal-de-etica\/","url":"https:\/\/bmj.com.br\/es\/canal-de-etica\/","name":"Canal de \u00c9tica - BMJ","isPartOf":{"@id":"https:\/\/bmj.com.br\/es\/#website"},"primaryImageOfPage":{"@id":"https:\/\/bmj.com.br\/es\/canal-de-etica\/#primaryimage"},"image":{"@id":"https:\/\/bmj.com.br\/es\/canal-de-etica\/#primaryimage"},"thumbnailUrl":"https:\/\/bmj.com.br\/wp-content\/uploads\/2017\/08\/Logo-BMJ-branca-fundopreto2.png","datePublished":"2019-05-23T15:10:43+00:00","dateModified":"2026-02-19T13:43:35+00:00","breadcrumb":{"@id":"https:\/\/bmj.com.br\/es\/canal-de-etica\/#breadcrumb"},"inLanguage":"es","potentialAction":[{"@type":"ReadAction","target":["https:\/\/bmj.com.br\/es\/canal-de-etica\/"]}]},{"@type":"ImageObject","inLanguage":"es","@id":"https:\/\/bmj.com.br\/es\/canal-de-etica\/#primaryimage","url":"https:\/\/bmj.com.br\/wp-content\/uploads\/2017\/08\/Logo-BMJ-branca-fundopreto2.png","contentUrl":"https:\/\/bmj.com.br\/wp-content\/uploads\/2017\/08\/Logo-BMJ-branca-fundopreto2.png","width":620,"height":571,"caption":"Logo-BMJ-branca-fundopreto2"},{"@type":"BreadcrumbList","@id":"https:\/\/bmj.com.br\/es\/canal-de-etica\/#breadcrumb","itemListElement":[{"@type":"ListItem","position":1,"name":"Home","item":"https:\/\/bmj.com.br\/es\/"},{"@type":"ListItem","position":2,"name":"Canal de \u00c9tica"}]},{"@type":"WebSite","@id":"https:\/\/bmj.com.br\/es\/#website","url":"https:\/\/bmj.com.br\/es\/","name":"BMJ","description":"Consultores Associados","publisher":{"@id":"https:\/\/bmj.com.br\/es\/#organization"},"potentialAction":[{"@type":"SearchAction","target":{"@type":"EntryPoint","urlTemplate":"https:\/\/bmj.com.br\/es\/?s={search_term_string}"},"query-input":{"@type":"PropertyValueSpecification","valueRequired":true,"valueName":"search_term_string"}}],"inLanguage":"es"},{"@type":"Organization","@id":"https:\/\/bmj.com.br\/es\/#organization","name":"BMJ Consultoria","url":"https:\/\/bmj.com.br\/es\/","logo":{"@type":"ImageObject","inLanguage":"es","@id":"https:\/\/bmj.com.br\/es\/#\/schema\/logo\/image\/","url":"","contentUrl":"","caption":"BMJ Consultoria"},"image":{"@id":"https:\/\/bmj.com.br\/es\/#\/schema\/logo\/image\/"},"sameAs":["https:\/\/www.facebook.com\/BMJAssociados\/?ref=ts","https:\/\/x.com\/BMJconsultoria","https:\/\/www.instagram.com\/bmjconsultoria\/","https:\/\/www.linkedin.com\/company\/bmjconsultoresassociados\/?originalSubdomain=br","https:\/\/www.youtube.com\/user\/bmjconsultoria"]}]}},"_hostinger_reach_plugin_has_subscription_block":false,"_hostinger_reach_plugin_is_elementor":false,"_links":{"self":[{"href":"https:\/\/bmj.com.br\/es\/wp-json\/wp\/v2\/pages\/52528","targetHints":{"allow":["GET"]}}],"collection":[{"href":"https:\/\/bmj.com.br\/es\/wp-json\/wp\/v2\/pages"}],"about":[{"href":"https:\/\/bmj.com.br\/es\/wp-json\/wp\/v2\/types\/page"}],"author":[{"embeddable":true,"href":"https:\/\/bmj.com.br\/es\/wp-json\/wp\/v2\/users\/15"}],"replies":[{"embeddable":true,"href":"https:\/\/bmj.com.br\/es\/wp-json\/wp\/v2\/comments?post=52528"}],"version-history":[{"count":55,"href":"https:\/\/bmj.com.br\/es\/wp-json\/wp\/v2\/pages\/52528\/revisions"}],"predecessor-version":[{"id":67528,"href":"https:\/\/bmj.com.br\/es\/wp-json\/wp\/v2\/pages\/52528\/revisions\/67528"}],"wp:featuredmedia":[{"embeddable":true,"href":"https:\/\/bmj.com.br\/es\/wp-json\/wp\/v2\/media\/50921"}],"wp:attachment":[{"href":"https:\/\/bmj.com.br\/es\/wp-json\/wp\/v2\/media?parent=52528"}],"curies":[{"name":"wp","href":"https:\/\/api.w.org\/{rel}","templated":true}]}}